{"id":81915,"date":"2025-12-11T03:01:52","date_gmt":"2025-12-11T02:01:52","guid":{"rendered":"https:\/\/www.destination-saintquentin.fr\/produit\/bien-etre-au-musee-lecuyer-yoga-adapte-2\/"},"modified":"2026-04-19T03:01:47","modified_gmt":"2026-04-19T01:01:47","slug":"bien-etre-au-musee-lecuyer-yoga-adapte-2","status":"publish","type":"product","link":"https:\/\/www.destination-saintquentin.fr\/de\/produit\/bien-etre-au-musee-lecuyer-yoga-adapte-2\/","title":{"rendered":"Bien-\u00eatre au Mus\u00e9e L\u00e9cuyer  :  Yoga adapt\u00e9"},"content":{"rendered":"<p>RDV au Mus\u00e9e Antoine L\u00e9cuyer &#8211; Tenue correcte exig\u00e9e &#8211; NON REMBOURSABLE<\/p>\n<p>Un yoga assis, avec des exercices doux et simples, ouverts \u00e0 tous. Une s\u00e9ance pour<br \/>\nsoulager vos maux et apprendre \u00e0 d\u00e9tendre votre corps. Un bon moyen pour l\u00e2cher prise<br \/>\net vous reconnecter.<\/p>\n<p>Oxyg\u00e9nez votre corps et votre esprit !<\/p>\n<p>Avec Ang\u00e9lique Didier, professeure de danse et de yoga \u00e0 Saint-Quentin<\/p>\n","protected":false},"excerpt":{"rendered":"<p>RDV au Mus\u00e9e Antoine L\u00e9cuyer &#8211; Tenue correcte exig\u00e9e &#8211; NON REMBOURSABLE Un yoga assis, avec des exercices doux et simples, ouverts \u00e0 tous. Une s\u00e9ance pour soulager vos maux et apprendre \u00e0 d\u00e9tendre votre corps. Un bon moyen pour l\u00e2cher prise et vous reconnecter. Oxyg\u00e9nez votre corps et votre esprit ! Avec Ang\u00e9lique Didier, [&hellip;]<\/p>\n","protected":false},"author":0,"featured_media":81917,"template":"","meta":{"_acf_changed":false},"product_brand":[],"product_cat":[506],"product_tag":[],"class_list":{"0":"post-81915","1":"product","2":"type-product","3":"status-publish","4":"has-post-thumbnail","6":"product_cat-visites-guidees-patrimoine","8":"first","9":"outofstock","10":"shipping-taxable","11":"purchasable","12":"product-type-variable"},"acf":[],"_links":{"self":[{"href":"https:\/\/www.destination-saintquentin.fr\/de\/wp-json\/wp\/v2\/product\/81915","targetHints":{"allow":["GET"]}}],"collection":[{"href":"https:\/\/www.destination-saintquentin.fr\/de\/wp-json\/wp\/v2\/product"}],"about":[{"href":"https:\/\/www.destination-saintquentin.fr\/de\/wp-json\/wp\/v2\/types\/product"}],"wp:featuredmedia":[{"embeddable":true,"href":"https:\/\/www.destination-saintquentin.fr\/de\/wp-json\/wp\/v2\/media\/81917"}],"wp:attachment":[{"href":"https:\/\/www.destination-saintquentin.fr\/de\/wp-json\/wp\/v2\/media?parent=81915"}],"wp:term":[{"taxonomy":"product_brand","embeddable":true,"href":"https:\/\/www.destination-saintquentin.fr\/de\/wp-json\/wp\/v2\/product_brand?post=81915"},{"taxonomy":"product_cat","embeddable":true,"href":"https:\/\/www.destination-saintquentin.fr\/de\/wp-json\/wp\/v2\/product_cat?post=81915"},{"taxonomy":"product_tag","embeddable":true,"href":"https:\/\/www.destination-saintquentin.fr\/de\/wp-json\/wp\/v2\/product_tag?post=81915"}],"curies":[{"name":"wp","href":"https:\/\/api.w.org\/{rel}","templated":true}]}}