{"id":81909,"date":"2025-12-11T03:01:52","date_gmt":"2025-12-11T02:01:52","guid":{"rendered":"https:\/\/www.destination-saintquentin.fr\/produit\/bien-etre-au-musee-lecuyer-sophro-musee\/"},"modified":"2026-04-19T03:01:47","modified_gmt":"2026-04-19T01:01:47","slug":"bien-etre-au-musee-lecuyer-sophro-musee","status":"publish","type":"product","link":"https:\/\/www.destination-saintquentin.fr\/de\/produit\/bien-etre-au-musee-lecuyer-sophro-musee\/","title":{"rendered":"Bien-\u00eatre au Mus\u00e9e L\u00e9cuyer  : Sophro&#8216; mus\u00e9e"},"content":{"rendered":"<p>RDV au Mus\u00e9e Antoine L\u00e9cuyer &#8211; Tenue correcte exig\u00e9e &#8211; NON REMBOURSABLE<\/p>\n<p>Pourquoi ne pas vous essayer, le temps d\u2019une heure, \u00e0 la sophrologie ? Nous vous proposons de tester, au mus\u00e9e, cette m\u00e9thode de relaxation, qui m\u00eale techniques de respiration, mouvements doux et visualisation positive. Ressentez votre corps, connectez-vous \u00e0 votre mental pour mieux g\u00e9rer votre stress et vos \u00e9motions. Une s\u00e9ance pour se d\u00e9tendre, s\u2019\u00e9couter, l\u00e2cher prise et retrouver la s\u00e9r\u00e9nit\u00e9.<\/p>\n<p>La sophrologie, un Art de vivre !<\/p>\n<p>Avec Ang\u00e9lique Dias, \u00e9ducateur sportif, certifi\u00e9e Yoga, Pilates et Sophrologie, depuis plusieurs ann\u00e9es, le 14 mars et Val\u00e9rie BERTON, sophrologue certifi\u00e9e RNCP \/EI, le 11 avril<\/p>\n","protected":false},"excerpt":{"rendered":"<p>RDV au Mus\u00e9e Antoine L\u00e9cuyer &#8211; Tenue correcte exig\u00e9e &#8211; NON REMBOURSABLE Pourquoi ne pas vous essayer, le temps d\u2019une heure, \u00e0 la sophrologie ? Nous vous proposons de tester, au mus\u00e9e, cette m\u00e9thode de relaxation, qui m\u00eale techniques de respiration, mouvements doux et visualisation positive. Ressentez votre corps, connectez-vous \u00e0 votre mental pour mieux [&hellip;]<\/p>\n","protected":false},"author":0,"featured_media":81912,"template":"","meta":{"_acf_changed":false},"product_brand":[],"product_cat":[506],"product_tag":[],"class_list":{"0":"post-81909","1":"product","2":"type-product","3":"status-publish","4":"has-post-thumbnail","6":"product_cat-visites-guidees-patrimoine","8":"first","9":"outofstock","10":"shipping-taxable","11":"purchasable","12":"product-type-variable"},"acf":[],"_links":{"self":[{"href":"https:\/\/www.destination-saintquentin.fr\/de\/wp-json\/wp\/v2\/product\/81909","targetHints":{"allow":["GET"]}}],"collection":[{"href":"https:\/\/www.destination-saintquentin.fr\/de\/wp-json\/wp\/v2\/product"}],"about":[{"href":"https:\/\/www.destination-saintquentin.fr\/de\/wp-json\/wp\/v2\/types\/product"}],"wp:featuredmedia":[{"embeddable":true,"href":"https:\/\/www.destination-saintquentin.fr\/de\/wp-json\/wp\/v2\/media\/81912"}],"wp:attachment":[{"href":"https:\/\/www.destination-saintquentin.fr\/de\/wp-json\/wp\/v2\/media?parent=81909"}],"wp:term":[{"taxonomy":"product_brand","embeddable":true,"href":"https:\/\/www.destination-saintquentin.fr\/de\/wp-json\/wp\/v2\/product_brand?post=81909"},{"taxonomy":"product_cat","embeddable":true,"href":"https:\/\/www.destination-saintquentin.fr\/de\/wp-json\/wp\/v2\/product_cat?post=81909"},{"taxonomy":"product_tag","embeddable":true,"href":"https:\/\/www.destination-saintquentin.fr\/de\/wp-json\/wp\/v2\/product_tag?post=81909"}],"curies":[{"name":"wp","href":"https:\/\/api.w.org\/{rel}","templated":true}]}}