{"id":81903,"date":"2025-12-11T03:01:51","date_gmt":"2025-12-11T02:01:51","guid":{"rendered":"https:\/\/www.destination-saintquentin.fr\/produit\/bien-etre-au-musee-lecuyer-sonobulle\/"},"modified":"2026-04-19T17:08:54","modified_gmt":"2026-04-19T15:08:54","slug":"bien-etre-au-musee-lecuyer-sonobulle","status":"publish","type":"product","link":"https:\/\/www.destination-saintquentin.fr\/de\/produit\/bien-etre-au-musee-lecuyer-sonobulle\/","title":{"rendered":"Bien-\u00eatre au Mus\u00e9e L\u00e9cuyer  : Sono&#8217;mus\u00e9e"},"content":{"rendered":"<p>RDV au Mus\u00e9e Antoine L\u00e9cuyer &#8211; Ramener son tapis &#8211; Tenue correcte exig\u00e9e &#8211; NON REMBOURSABLE<\/p>\n<p>Lib\u00e9rez vos tensions du quotidien par un voyage sonore : une nouvelle exp\u00e9rience que vous propose le mus\u00e9e des Beaux-Arts Antoine L\u00e9cuyer. D\u00e9tendez-vous et profitez de ce massage sonore pour voyager et laisser place au ressenti.  Vivez un moment unique de relaxation et de m\u00e9ditation dans un lieu charg\u00e9 d\u2019histoire. <\/p>\n<p>Une parenth\u00e8se enchant\u00e9e au-del\u00e0 du visible\u2026<\/p>\n<p>Avec Isabelle GOBERT, sono-th\u00e9rapeute \u00e0 Saint-Quentin<\/p>\n<p>Munissez-vous de votre tapis et plaid.<\/p>\n","protected":false},"excerpt":{"rendered":"<p>RDV au Mus\u00e9e Antoine L\u00e9cuyer &#8211; Ramener son tapis &#8211; Tenue correcte exig\u00e9e &#8211; NON REMBOURSABLE Lib\u00e9rez vos tensions du quotidien par un voyage sonore : une nouvelle exp\u00e9rience que vous propose le mus\u00e9e des Beaux-Arts Antoine L\u00e9cuyer. D\u00e9tendez-vous et profitez de ce massage sonore pour voyager et laisser place au ressenti. Vivez un moment [&hellip;]<\/p>\n","protected":false},"author":0,"featured_media":81906,"template":"","meta":{"_acf_changed":false},"product_brand":[],"product_cat":[506],"product_tag":[],"class_list":{"0":"post-81903","1":"product","2":"type-product","3":"status-publish","4":"has-post-thumbnail","6":"product_cat-visites-guidees-patrimoine","8":"first","9":"instock","10":"shipping-taxable","11":"purchasable","12":"product-type-variable"},"acf":[],"_links":{"self":[{"href":"https:\/\/www.destination-saintquentin.fr\/de\/wp-json\/wp\/v2\/product\/81903","targetHints":{"allow":["GET"]}}],"collection":[{"href":"https:\/\/www.destination-saintquentin.fr\/de\/wp-json\/wp\/v2\/product"}],"about":[{"href":"https:\/\/www.destination-saintquentin.fr\/de\/wp-json\/wp\/v2\/types\/product"}],"wp:featuredmedia":[{"embeddable":true,"href":"https:\/\/www.destination-saintquentin.fr\/de\/wp-json\/wp\/v2\/media\/81906"}],"wp:attachment":[{"href":"https:\/\/www.destination-saintquentin.fr\/de\/wp-json\/wp\/v2\/media?parent=81903"}],"wp:term":[{"taxonomy":"product_brand","embeddable":true,"href":"https:\/\/www.destination-saintquentin.fr\/de\/wp-json\/wp\/v2\/product_brand?post=81903"},{"taxonomy":"product_cat","embeddable":true,"href":"https:\/\/www.destination-saintquentin.fr\/de\/wp-json\/wp\/v2\/product_cat?post=81903"},{"taxonomy":"product_tag","embeddable":true,"href":"https:\/\/www.destination-saintquentin.fr\/de\/wp-json\/wp\/v2\/product_tag?post=81903"}],"curies":[{"name":"wp","href":"https:\/\/api.w.org\/{rel}","templated":true}]}}