{"id":81897,"date":"2025-12-11T03:01:51","date_gmt":"2025-12-11T02:01:51","guid":{"rendered":"https:\/\/www.destination-saintquentin.fr\/produit\/bien-etre-au-musee-lecuyer-pilates-musee\/"},"modified":"2026-04-19T03:01:47","modified_gmt":"2026-04-19T01:01:47","slug":"bien-etre-au-musee-lecuyer-pilates-musee","status":"publish","type":"product","link":"https:\/\/www.destination-saintquentin.fr\/de\/produit\/bien-etre-au-musee-lecuyer-pilates-musee\/","title":{"rendered":"Bien-\u00eatre au Mus\u00e9e L\u00e9cuyer  : Pilates&#8216; mus\u00e9e"},"content":{"rendered":"<p>RDV au Mus\u00e9e Antoine L\u00e9cuyer &#8211; Ramener son tapis &#8211; Tenue correcte exig\u00e9e &#8211; NON REMBOURSABLE<\/p>\n<p>Loin de l\u2019agitation quotidienne, profitez d\u2019un environnement calme et inspirant du mus\u00e9e pour pratiquer une s\u00e9ance de pilates au milieu des tableaux et des sculptures. Une approche in\u00e9dite de l\u2019Art qui vous permettra de vous impr\u00e9gner du lieu et des \u0153uvres en alternant contemplation et mouvements-\u00e9tirements. Un instant bien-\u00eatre afin que chacun puisse ressentir son \u00e9nergie, se retrouver dans sa bulle pour mieux profiter de l\u2019atmosph\u00e8re unique du mus\u00e9e.<\/p>\n<p>Une parenth\u00e8se relaxante o\u00f9 le corps et l\u2019esprit se ressourcent en harmonie.<\/p>\n<p>Avec Antoine MACAIGNE, Coach sportif<\/p>\n","protected":false},"excerpt":{"rendered":"<p>RDV au Mus\u00e9e Antoine L\u00e9cuyer &#8211; Ramener son tapis &#8211; Tenue correcte exig\u00e9e &#8211; NON REMBOURSABLE Loin de l\u2019agitation quotidienne, profitez d\u2019un environnement calme et inspirant du mus\u00e9e pour pratiquer une s\u00e9ance de pilates au milieu des tableaux et des sculptures. Une approche in\u00e9dite de l\u2019Art qui vous permettra de vous impr\u00e9gner du lieu et [&hellip;]<\/p>\n","protected":false},"author":0,"featured_media":81900,"template":"","meta":{"_acf_changed":false},"product_brand":[],"product_cat":[506],"product_tag":[],"class_list":{"0":"post-81897","1":"product","2":"type-product","3":"status-publish","4":"has-post-thumbnail","6":"product_cat-visites-guidees-patrimoine","8":"first","9":"outofstock","10":"shipping-taxable","11":"purchasable","12":"product-type-variable"},"acf":[],"_links":{"self":[{"href":"https:\/\/www.destination-saintquentin.fr\/de\/wp-json\/wp\/v2\/product\/81897","targetHints":{"allow":["GET"]}}],"collection":[{"href":"https:\/\/www.destination-saintquentin.fr\/de\/wp-json\/wp\/v2\/product"}],"about":[{"href":"https:\/\/www.destination-saintquentin.fr\/de\/wp-json\/wp\/v2\/types\/product"}],"wp:featuredmedia":[{"embeddable":true,"href":"https:\/\/www.destination-saintquentin.fr\/de\/wp-json\/wp\/v2\/media\/81900"}],"wp:attachment":[{"href":"https:\/\/www.destination-saintquentin.fr\/de\/wp-json\/wp\/v2\/media?parent=81897"}],"wp:term":[{"taxonomy":"product_brand","embeddable":true,"href":"https:\/\/www.destination-saintquentin.fr\/de\/wp-json\/wp\/v2\/product_brand?post=81897"},{"taxonomy":"product_cat","embeddable":true,"href":"https:\/\/www.destination-saintquentin.fr\/de\/wp-json\/wp\/v2\/product_cat?post=81897"},{"taxonomy":"product_tag","embeddable":true,"href":"https:\/\/www.destination-saintquentin.fr\/de\/wp-json\/wp\/v2\/product_tag?post=81897"}],"curies":[{"name":"wp","href":"https:\/\/api.w.org\/{rel}","templated":true}]}}