{"id":81892,"date":"2025-12-11T03:01:51","date_gmt":"2025-12-11T02:01:51","guid":{"rendered":"https:\/\/www.destination-saintquentin.fr\/produit\/bien-etre-au-musee-lecuyer-yoga-musee\/"},"modified":"2026-04-19T03:01:47","modified_gmt":"2026-04-19T01:01:47","slug":"bien-etre-au-musee-lecuyer-yoga-musee","status":"publish","type":"product","link":"https:\/\/www.destination-saintquentin.fr\/de\/produit\/bien-etre-au-musee-lecuyer-yoga-musee\/","title":{"rendered":"Bien-\u00eatre au Mus\u00e9e L\u00e9cuyer  : Yoga&#8216; mus\u00e9e"},"content":{"rendered":"<p>RDV au Mus\u00e9e Antoine L\u00e9cuyer &#8211; Ramener son tapis &#8211; Tenue correcte exig\u00e9e &#8211; NON REMBOURSABLE<\/p>\n<p>Apr\u00e8s la p\u00e9riode des f\u00eates et ses exc\u00e8s, le mus\u00e9e des Beaux-Arts Antoine L\u00e9cuyer vous propose de participer \u00e0 une s\u00e9ance de yoga pour \u00ab d\u00e9toxifier \u00bb votre organisme en vous impr\u00e9gnant de l\u2019\u00e9nergie du lieu et des collections. <\/p>\n<p>Un cours de \u00ab yoga d\u00e9tox \u00bb dans un endroit privil\u00e9gi\u00e9 et charg\u00e9 d\u2019histoire pour vous ressourcer aussi bien physiquement que mentalement !<\/p>\n<p>Avec Ang\u00e9lique Dias, \u00e9ducateur sportif, certifi\u00e9e Yoga, Pilates et Sophrologie, depuis plusieurs ann\u00e9es<\/p>\n","protected":false},"excerpt":{"rendered":"<p>RDV au Mus\u00e9e Antoine L\u00e9cuyer &#8211; Ramener son tapis &#8211; Tenue correcte exig\u00e9e &#8211; NON REMBOURSABLE Apr\u00e8s la p\u00e9riode des f\u00eates et ses exc\u00e8s, le mus\u00e9e des Beaux-Arts Antoine L\u00e9cuyer vous propose de participer \u00e0 une s\u00e9ance de yoga pour \u00ab d\u00e9toxifier \u00bb votre organisme en vous impr\u00e9gnant de l\u2019\u00e9nergie du lieu et des collections. [&hellip;]<\/p>\n","protected":false},"author":0,"featured_media":81894,"template":"","meta":{"_acf_changed":false},"product_brand":[],"product_cat":[506],"product_tag":[],"class_list":{"0":"post-81892","1":"product","2":"type-product","3":"status-publish","4":"has-post-thumbnail","6":"product_cat-visites-guidees-patrimoine","8":"first","9":"outofstock","10":"shipping-taxable","11":"purchasable","12":"product-type-variable"},"acf":[],"_links":{"self":[{"href":"https:\/\/www.destination-saintquentin.fr\/de\/wp-json\/wp\/v2\/product\/81892","targetHints":{"allow":["GET"]}}],"collection":[{"href":"https:\/\/www.destination-saintquentin.fr\/de\/wp-json\/wp\/v2\/product"}],"about":[{"href":"https:\/\/www.destination-saintquentin.fr\/de\/wp-json\/wp\/v2\/types\/product"}],"wp:featuredmedia":[{"embeddable":true,"href":"https:\/\/www.destination-saintquentin.fr\/de\/wp-json\/wp\/v2\/media\/81894"}],"wp:attachment":[{"href":"https:\/\/www.destination-saintquentin.fr\/de\/wp-json\/wp\/v2\/media?parent=81892"}],"wp:term":[{"taxonomy":"product_brand","embeddable":true,"href":"https:\/\/www.destination-saintquentin.fr\/de\/wp-json\/wp\/v2\/product_brand?post=81892"},{"taxonomy":"product_cat","embeddable":true,"href":"https:\/\/www.destination-saintquentin.fr\/de\/wp-json\/wp\/v2\/product_cat?post=81892"},{"taxonomy":"product_tag","embeddable":true,"href":"https:\/\/www.destination-saintquentin.fr\/de\/wp-json\/wp\/v2\/product_tag?post=81892"}],"curies":[{"name":"wp","href":"https:\/\/api.w.org\/{rel}","templated":true}]}}