{"id":81887,"date":"2025-12-11T03:01:50","date_gmt":"2025-12-11T02:01:50","guid":{"rendered":"https:\/\/www.destination-saintquentin.fr\/produit\/yoga-artistique-au-musee-antoine-lecuyer-quand-rien-ne-se-pense-tout-se-cree\/"},"modified":"2026-04-19T18:56:22","modified_gmt":"2026-04-19T16:56:22","slug":"yoga-artistique-au-musee-antoine-lecuyer-quand-rien-ne-se-pense-tout-se-cree","status":"publish","type":"product","link":"https:\/\/www.destination-saintquentin.fr\/de\/produit\/yoga-artistique-au-musee-antoine-lecuyer-quand-rien-ne-se-pense-tout-se-cree\/","title":{"rendered":"Yoga artistique au Mus\u00e9e Antoine L\u00e9cuyer : Quand rien ne se pense, tout se cr\u00e9e"},"content":{"rendered":"<p>RDV au Mus\u00e9e Antoine L\u00e9cuyer &#8211; NON REMBOURSABLE<br \/>\nCette proposition s\u2019articule en deux temps pour une immersion compl\u00e8te entre bien-\u00eatre et expression artistique. Vous commencerez par une heure de pratique douce de yoga et de m\u00e9ditation. Un moment de d\u00e9tente profonde pour vous permettre d\u2019apaiser votre mental, d\u2019ouvrir vos sens et de vous reconnecter \u00e0 votre \u00e9nergie int\u00e9rieure. Dans cet \u00e9tat d\u2019harmonie, vous enchainerez avec une heure de cr\u00e9ation artistique guid\u00e9e pour transformer vos ressentis en forme et couleur.<br \/>\nOffrez-vous une exp\u00e9rience unique o\u00f9 le corps et l\u2019esprit deviennent les pinceaux de votre cr\u00e9ativit\u00e9 !<\/p>\n<p>Ang\u00e9lique Dias, certifi\u00e9e Yoga, Pilates et Sophrologie, depuis plusieurs ann\u00e9es et Titie Berg\u00e8se, professeure de gravure \u00e0 l\u2019\u00c9cole des Beaux-Arts de Saint-Quentin et plasticienne.<\/p>\n","protected":false},"excerpt":{"rendered":"<p>RDV au Mus\u00e9e Antoine L\u00e9cuyer &#8211; NON REMBOURSABLE Cette proposition s\u2019articule en deux temps pour une immersion compl\u00e8te entre bien-\u00eatre et expression artistique. Vous commencerez par une heure de pratique douce de yoga et de m\u00e9ditation. Un moment de d\u00e9tente profonde pour vous permettre d\u2019apaiser votre mental, d\u2019ouvrir vos sens et de vous reconnecter \u00e0 [&hellip;]<\/p>\n","protected":false},"author":0,"featured_media":81889,"template":"","meta":{"_acf_changed":false},"product_brand":[],"product_cat":[506],"product_tag":[],"class_list":{"0":"post-81887","1":"product","2":"type-product","3":"status-publish","4":"has-post-thumbnail","6":"product_cat-visites-guidees-patrimoine","8":"first","9":"instock","10":"shipping-taxable","11":"purchasable","12":"product-type-variable"},"acf":[],"_links":{"self":[{"href":"https:\/\/www.destination-saintquentin.fr\/de\/wp-json\/wp\/v2\/product\/81887","targetHints":{"allow":["GET"]}}],"collection":[{"href":"https:\/\/www.destination-saintquentin.fr\/de\/wp-json\/wp\/v2\/product"}],"about":[{"href":"https:\/\/www.destination-saintquentin.fr\/de\/wp-json\/wp\/v2\/types\/product"}],"wp:featuredmedia":[{"embeddable":true,"href":"https:\/\/www.destination-saintquentin.fr\/de\/wp-json\/wp\/v2\/media\/81889"}],"wp:attachment":[{"href":"https:\/\/www.destination-saintquentin.fr\/de\/wp-json\/wp\/v2\/media?parent=81887"}],"wp:term":[{"taxonomy":"product_brand","embeddable":true,"href":"https:\/\/www.destination-saintquentin.fr\/de\/wp-json\/wp\/v2\/product_brand?post=81887"},{"taxonomy":"product_cat","embeddable":true,"href":"https:\/\/www.destination-saintquentin.fr\/de\/wp-json\/wp\/v2\/product_cat?post=81887"},{"taxonomy":"product_tag","embeddable":true,"href":"https:\/\/www.destination-saintquentin.fr\/de\/wp-json\/wp\/v2\/product_tag?post=81887"}],"curies":[{"name":"wp","href":"https:\/\/api.w.org\/{rel}","templated":true}]}}