{"id":81882,"date":"2025-12-11T03:01:50","date_gmt":"2025-12-11T02:01:50","guid":{"rendered":"https:\/\/www.destination-saintquentin.fr\/produit\/initiation-artistique-au-musee-lecuyer-stage-croquis-noir-et-blanc\/"},"modified":"2026-04-19T17:08:53","modified_gmt":"2026-04-19T15:08:53","slug":"initiation-artistique-au-musee-lecuyer-stage-croquis-noir-et-blanc","status":"publish","type":"product","link":"https:\/\/www.destination-saintquentin.fr\/de\/produit\/initiation-artistique-au-musee-lecuyer-stage-croquis-noir-et-blanc\/","title":{"rendered":"Initiation artistique au Mus\u00e9e L\u00e9cuyer :  Stage croquis noir et blanc"},"content":{"rendered":"<p>Stage sur 2 jours &#8211; RDV au Mus\u00e9e Antoine L\u00e9cuyer &#8211; A partir de 16 ans (d\u00e9butants et amateurs) &#8211; NON REMBOURSABLE<br \/>\nVenez aff\u00fbter votre regard et d\u00e9velopper votre coup de crayon dans un cadre inspirant gr\u00e2ce \u00e0 ce stage de dessin d\u2019observation dans les salles du mus\u00e9e. Accompagn\u00e9s par Esther Gon\u00e7alves, artiste passionn\u00e9e, vous apprendrez, avec la technique du crayon \u00e0 papier, \u00e0 vous familiariser avec le trait, \u00e0 capturer les formes, les volumes et les ombres.<br \/>\nDeux s\u00e9ances pour aiguiser votre regard, affirmer votre style et (re)d\u00e9couvrir le dessin autrement.<\/p>\n<p>Stage sur 2 jours : Samedi 27 et dimanche 28 juin 2026 \u00e0 14h30 (dur\u00e9e 2x2h)<\/p>\n","protected":false},"excerpt":{"rendered":"<p>Stage sur 2 jours &#8211; RDV au Mus\u00e9e Antoine L\u00e9cuyer &#8211; A partir de 16 ans (d\u00e9butants et amateurs) &#8211; NON REMBOURSABLE Venez aff\u00fbter votre regard et d\u00e9velopper votre coup de crayon dans un cadre inspirant gr\u00e2ce \u00e0 ce stage de dessin d\u2019observation dans les salles du mus\u00e9e. Accompagn\u00e9s par Esther Gon\u00e7alves, artiste passionn\u00e9e, vous [&hellip;]<\/p>\n","protected":false},"author":0,"featured_media":81884,"template":"","meta":{"_acf_changed":false},"product_brand":[],"product_cat":[506],"product_tag":[],"class_list":{"0":"post-81882","1":"product","2":"type-product","3":"status-publish","4":"has-post-thumbnail","6":"product_cat-visites-guidees-patrimoine","8":"first","9":"instock","10":"shipping-taxable","11":"purchasable","12":"product-type-variable"},"acf":[],"_links":{"self":[{"href":"https:\/\/www.destination-saintquentin.fr\/de\/wp-json\/wp\/v2\/product\/81882","targetHints":{"allow":["GET"]}}],"collection":[{"href":"https:\/\/www.destination-saintquentin.fr\/de\/wp-json\/wp\/v2\/product"}],"about":[{"href":"https:\/\/www.destination-saintquentin.fr\/de\/wp-json\/wp\/v2\/types\/product"}],"wp:featuredmedia":[{"embeddable":true,"href":"https:\/\/www.destination-saintquentin.fr\/de\/wp-json\/wp\/v2\/media\/81884"}],"wp:attachment":[{"href":"https:\/\/www.destination-saintquentin.fr\/de\/wp-json\/wp\/v2\/media?parent=81882"}],"wp:term":[{"taxonomy":"product_brand","embeddable":true,"href":"https:\/\/www.destination-saintquentin.fr\/de\/wp-json\/wp\/v2\/product_brand?post=81882"},{"taxonomy":"product_cat","embeddable":true,"href":"https:\/\/www.destination-saintquentin.fr\/de\/wp-json\/wp\/v2\/product_cat?post=81882"},{"taxonomy":"product_tag","embeddable":true,"href":"https:\/\/www.destination-saintquentin.fr\/de\/wp-json\/wp\/v2\/product_tag?post=81882"}],"curies":[{"name":"wp","href":"https:\/\/api.w.org\/{rel}","templated":true}]}}