{"id":81872,"date":"2025-12-11T03:01:33","date_gmt":"2025-12-11T02:01:33","guid":{"rendered":"https:\/\/www.destination-saintquentin.fr\/produit\/initiation-artistique-au-musee-lecuyer-stage-dinitiation-a-la-photographie\/"},"modified":"2026-04-19T17:09:49","modified_gmt":"2026-04-19T15:09:49","slug":"initiation-artistique-au-musee-lecuyer-stage-dinitiation-a-la-photographie","status":"publish","type":"product","link":"https:\/\/www.destination-saintquentin.fr\/de\/produit\/initiation-artistique-au-musee-lecuyer-stage-dinitiation-a-la-photographie\/","title":{"rendered":"Initiation artistique au Mus\u00e9e L\u00e9cuyer : Stage d\u2019initiation \u00e0 la photographie"},"content":{"rendered":"<p>RDV au Mus\u00e9e Antoine L\u00e9cuyer &#8211; NON REMBOURSABLE<br \/>\nQue diriez-vous de suivre un stage de photographie ? Accompagn\u00e9s de plusieurs membres de la compagnie Empreinte(s), vous pourrez appr\u00e9hender diff\u00e9rentes techniques photographiques et mettre en pratique imm\u00e9diate les conseils qui vous seront donn\u00e9s. Venez \u00e9changer avec les intervenants et profitez de leur savoir-faire. Comment photographier une \u0153uvre ? \u00c9viter les reflets ? Jouer sur la lumi\u00e8re ? Munissez-vous de votre appareil photo et venez-vous inspirer des \u0153uvres du mus\u00e9e pour r\u00e9aliser vos photos. <\/p>\n","protected":false},"excerpt":{"rendered":"<p>RDV au Mus\u00e9e Antoine L\u00e9cuyer &#8211; NON REMBOURSABLE Que diriez-vous de suivre un stage de photographie ? Accompagn\u00e9s de plusieurs membres de la compagnie Empreinte(s), vous pourrez appr\u00e9hender diff\u00e9rentes techniques photographiques et mettre en pratique imm\u00e9diate les conseils qui vous seront donn\u00e9s. Venez \u00e9changer avec les intervenants et profitez de leur savoir-faire. Comment photographier une [&hellip;]<\/p>\n","protected":false},"author":0,"featured_media":81874,"template":"","meta":{"_acf_changed":false},"product_brand":[],"product_cat":[506],"product_tag":[],"class_list":{"0":"post-81872","1":"product","2":"type-product","3":"status-publish","4":"has-post-thumbnail","6":"product_cat-visites-guidees-patrimoine","8":"first","9":"instock","10":"shipping-taxable","11":"purchasable","12":"product-type-variable"},"acf":[],"_links":{"self":[{"href":"https:\/\/www.destination-saintquentin.fr\/de\/wp-json\/wp\/v2\/product\/81872","targetHints":{"allow":["GET"]}}],"collection":[{"href":"https:\/\/www.destination-saintquentin.fr\/de\/wp-json\/wp\/v2\/product"}],"about":[{"href":"https:\/\/www.destination-saintquentin.fr\/de\/wp-json\/wp\/v2\/types\/product"}],"wp:featuredmedia":[{"embeddable":true,"href":"https:\/\/www.destination-saintquentin.fr\/de\/wp-json\/wp\/v2\/media\/81874"}],"wp:attachment":[{"href":"https:\/\/www.destination-saintquentin.fr\/de\/wp-json\/wp\/v2\/media?parent=81872"}],"wp:term":[{"taxonomy":"product_brand","embeddable":true,"href":"https:\/\/www.destination-saintquentin.fr\/de\/wp-json\/wp\/v2\/product_brand?post=81872"},{"taxonomy":"product_cat","embeddable":true,"href":"https:\/\/www.destination-saintquentin.fr\/de\/wp-json\/wp\/v2\/product_cat?post=81872"},{"taxonomy":"product_tag","embeddable":true,"href":"https:\/\/www.destination-saintquentin.fr\/de\/wp-json\/wp\/v2\/product_tag?post=81872"}],"curies":[{"name":"wp","href":"https:\/\/api.w.org\/{rel}","templated":true}]}}