{"id":81719,"date":"2025-12-03T03:02:49","date_gmt":"2025-12-03T02:02:49","guid":{"rendered":"https:\/\/www.destination-saintquentin.fr\/produit\/initiation-artistique-au-musee-lecuyer-stage-le-pastel-autrement\/"},"modified":"2026-04-19T15:30:29","modified_gmt":"2026-04-19T13:30:29","slug":"initiation-artistique-au-musee-lecuyer-stage-le-pastel-autrement","status":"publish","type":"product","link":"https:\/\/www.destination-saintquentin.fr\/de\/produit\/initiation-artistique-au-musee-lecuyer-stage-le-pastel-autrement\/","title":{"rendered":"Initiation artistique au Mus\u00e9e L\u00e9cuyer : Stage le pastel autrement"},"content":{"rendered":"<p>RDV au Mus\u00e9e Antoine L\u00e9cuyer &#8211; A partir de 16 ans (d\u00e9butants et amateurs) &#8211; NON REMBOURSABLE<br \/>\nGuid\u00e9s par Jean-Michel Hannecart, artiste et professeur \u00e0 l&#8217;\u00c9cole sup\u00e9rieure d&#8217;art et design de Reims, \u00e0 l\u2019aide de diff\u00e9rents proc\u00e9d\u00e9s tel que le pochoir, le transfert, les fonds pr\u00e9par\u00e9s, ou encore la dilution, vous entreprendrez de d\u00e9tourner la technique traditionnelle du pastel afin de d\u00e9velopper une \u00e9criture singuli\u00e8re. <\/p>\n<p>L\u2019art du pastel revisit\u00e9\u202f! <\/p>\n","protected":false},"excerpt":{"rendered":"<p>RDV au Mus\u00e9e Antoine L\u00e9cuyer &#8211; A partir de 16 ans (d\u00e9butants et amateurs) &#8211; NON REMBOURSABLE Guid\u00e9s par Jean-Michel Hannecart, artiste et professeur \u00e0 l&#8217;\u00c9cole sup\u00e9rieure d&#8217;art et design de Reims, \u00e0 l\u2019aide de diff\u00e9rents proc\u00e9d\u00e9s tel que le pochoir, le transfert, les fonds pr\u00e9par\u00e9s, ou encore la dilution, vous entreprendrez de d\u00e9tourner la [&hellip;]<\/p>\n","protected":false},"author":0,"featured_media":81721,"template":"","meta":{"_acf_changed":false},"product_brand":[],"product_cat":[506],"product_tag":[],"class_list":{"0":"post-81719","1":"product","2":"type-product","3":"status-publish","4":"has-post-thumbnail","6":"product_cat-visites-guidees-patrimoine","8":"first","9":"outofstock","10":"shipping-taxable","11":"purchasable","12":"product-type-variable"},"acf":[],"_links":{"self":[{"href":"https:\/\/www.destination-saintquentin.fr\/de\/wp-json\/wp\/v2\/product\/81719","targetHints":{"allow":["GET"]}}],"collection":[{"href":"https:\/\/www.destination-saintquentin.fr\/de\/wp-json\/wp\/v2\/product"}],"about":[{"href":"https:\/\/www.destination-saintquentin.fr\/de\/wp-json\/wp\/v2\/types\/product"}],"wp:featuredmedia":[{"embeddable":true,"href":"https:\/\/www.destination-saintquentin.fr\/de\/wp-json\/wp\/v2\/media\/81721"}],"wp:attachment":[{"href":"https:\/\/www.destination-saintquentin.fr\/de\/wp-json\/wp\/v2\/media?parent=81719"}],"wp:term":[{"taxonomy":"product_brand","embeddable":true,"href":"https:\/\/www.destination-saintquentin.fr\/de\/wp-json\/wp\/v2\/product_brand?post=81719"},{"taxonomy":"product_cat","embeddable":true,"href":"https:\/\/www.destination-saintquentin.fr\/de\/wp-json\/wp\/v2\/product_cat?post=81719"},{"taxonomy":"product_tag","embeddable":true,"href":"https:\/\/www.destination-saintquentin.fr\/de\/wp-json\/wp\/v2\/product_tag?post=81719"}],"curies":[{"name":"wp","href":"https:\/\/api.w.org\/{rel}","templated":true}]}}