{"id":81714,"date":"2025-12-03T03:02:49","date_gmt":"2025-12-03T02:02:49","guid":{"rendered":"https:\/\/www.destination-saintquentin.fr\/produit\/initiation-artistique-au-musee-lecuyer-stage-apprenti-ceramiste\/"},"modified":"2026-04-19T17:08:52","modified_gmt":"2026-04-19T15:08:52","slug":"initiation-artistique-au-musee-lecuyer-stage-apprenti-ceramiste","status":"publish","type":"product","link":"https:\/\/www.destination-saintquentin.fr\/de\/produit\/initiation-artistique-au-musee-lecuyer-stage-apprenti-ceramiste\/","title":{"rendered":"Initiation artistique au Mus\u00e9e L\u00e9cuyer : Stage apprenti c\u00e9ramiste"},"content":{"rendered":"<p>RDV au Mus\u00e9e Antoine L\u00e9cuyer &#8211; A partir de 16 ans (d\u00e9butants et amateurs) &#8211; NON REMBOURSABLE &#8211; STAGE SUR 2 JOURS<br \/>\nSous l\u2019\u0153il expert de Maud Rocoulet, c\u00e9ramiste artisan d&#8217;art,\u202fnous vous proposons, de venir travailler le gr\u00e8s en m\u00ealant plusieurs techniques de fa\u00e7onnage (modelage et tournage). Inspirez-vous des \u0153uvres du mus\u00e9e, et laissez-vous portez par votre imagination.  <\/p>\n<p>Apprivoisez le mouvement pour ne faire qu&#8217;un avec la mati\u00e8re\u202f! <\/p>\n<p>Stage sur 2 jours : Samedi 18 et dimanche 19 avril 2026 \u00e0 14h30 (dur\u00e9e 2x2h) <\/p>\n","protected":false},"excerpt":{"rendered":"<p>RDV au Mus\u00e9e Antoine L\u00e9cuyer &#8211; A partir de 16 ans (d\u00e9butants et amateurs) &#8211; NON REMBOURSABLE &#8211; STAGE SUR 2 JOURS Sous l\u2019\u0153il expert de Maud Rocoulet, c\u00e9ramiste artisan d&#8217;art,\u202fnous vous proposons, de venir travailler le gr\u00e8s en m\u00ealant plusieurs techniques de fa\u00e7onnage (modelage et tournage). Inspirez-vous des \u0153uvres du mus\u00e9e, et laissez-vous portez [&hellip;]<\/p>\n","protected":false},"author":0,"featured_media":81716,"template":"","meta":{"_acf_changed":false},"product_brand":[],"product_cat":[506],"product_tag":[],"class_list":{"0":"post-81714","1":"product","2":"type-product","3":"status-publish","4":"has-post-thumbnail","6":"product_cat-visites-guidees-patrimoine","8":"first","9":"outofstock","10":"shipping-taxable","11":"purchasable","12":"product-type-variable"},"acf":[],"_links":{"self":[{"href":"https:\/\/www.destination-saintquentin.fr\/de\/wp-json\/wp\/v2\/product\/81714","targetHints":{"allow":["GET"]}}],"collection":[{"href":"https:\/\/www.destination-saintquentin.fr\/de\/wp-json\/wp\/v2\/product"}],"about":[{"href":"https:\/\/www.destination-saintquentin.fr\/de\/wp-json\/wp\/v2\/types\/product"}],"wp:featuredmedia":[{"embeddable":true,"href":"https:\/\/www.destination-saintquentin.fr\/de\/wp-json\/wp\/v2\/media\/81716"}],"wp:attachment":[{"href":"https:\/\/www.destination-saintquentin.fr\/de\/wp-json\/wp\/v2\/media?parent=81714"}],"wp:term":[{"taxonomy":"product_brand","embeddable":true,"href":"https:\/\/www.destination-saintquentin.fr\/de\/wp-json\/wp\/v2\/product_brand?post=81714"},{"taxonomy":"product_cat","embeddable":true,"href":"https:\/\/www.destination-saintquentin.fr\/de\/wp-json\/wp\/v2\/product_cat?post=81714"},{"taxonomy":"product_tag","embeddable":true,"href":"https:\/\/www.destination-saintquentin.fr\/de\/wp-json\/wp\/v2\/product_tag?post=81714"}],"curies":[{"name":"wp","href":"https:\/\/api.w.org\/{rel}","templated":true}]}}