{"id":81704,"date":"2025-12-03T03:02:48","date_gmt":"2025-12-03T02:02:48","guid":{"rendered":"https:\/\/www.destination-saintquentin.fr\/produit\/initiation-artistique-au-musee-lecuyer-stage-sculpture\/"},"modified":"2026-04-19T03:01:46","modified_gmt":"2026-04-19T01:01:46","slug":"initiation-artistique-au-musee-lecuyer-stage-sculpture","status":"publish","type":"product","link":"https:\/\/www.destination-saintquentin.fr\/de\/produit\/initiation-artistique-au-musee-lecuyer-stage-sculpture\/","title":{"rendered":"Initiation artistique au Mus\u00e9e L\u00e9cuyer : Stage sculpture"},"content":{"rendered":"<p>Stage sur 2 jours &#8211; RDV au Mus\u00e9e Antoine L\u00e9cuyer &#8211; A partir de 16 ans (d\u00e9butants et amateurs) &#8211; NON REMBOURSABLE<br \/>\nVal\u00e9rie Dessirier, artiste sculptrice, vous propose de partager sa passion et sa technique pour la sculpture \u00e0 travers un stage sur deux apr\u00e8s-midi. Profitez des conseils avis\u00e9s de l\u2019intervenante, inspirez-vous des \u0153uvres sculpt\u00e9es dans les collections du mus\u00e9e des Beaux-Arts Antoine L\u00e9cuyer pour r\u00e9aliser des croquis et une esquisse sculpt\u00e9e en argile.  <\/p>\n<p>Une m\u00e9thode active qui consiste \u00e0 apprendre en pratiquant et un artiste complet\u202f: deux ingr\u00e9dients qui ne manqueront pas de vous s\u00e9duire\u202f! <\/p>\n<p>Stage de 2 jours le samedi 21 et dimanche 22 f\u00e9vrier 2026 \u00e0 14h30 (dur\u00e9e 2x2h),  \u00e0 partir de 16 ans<\/p>\n","protected":false},"excerpt":{"rendered":"<p>Stage sur 2 jours &#8211; RDV au Mus\u00e9e Antoine L\u00e9cuyer &#8211; A partir de 16 ans (d\u00e9butants et amateurs) &#8211; NON REMBOURSABLE Val\u00e9rie Dessirier, artiste sculptrice, vous propose de partager sa passion et sa technique pour la sculpture \u00e0 travers un stage sur deux apr\u00e8s-midi. Profitez des conseils avis\u00e9s de l\u2019intervenante, inspirez-vous des \u0153uvres sculpt\u00e9es [&hellip;]<\/p>\n","protected":false},"author":0,"featured_media":81706,"template":"","meta":{"_acf_changed":false},"product_brand":[],"product_cat":[506],"product_tag":[],"class_list":{"0":"post-81704","1":"product","2":"type-product","3":"status-publish","4":"has-post-thumbnail","6":"product_cat-visites-guidees-patrimoine","8":"first","9":"outofstock","10":"shipping-taxable","11":"purchasable","12":"product-type-variable"},"acf":[],"_links":{"self":[{"href":"https:\/\/www.destination-saintquentin.fr\/de\/wp-json\/wp\/v2\/product\/81704","targetHints":{"allow":["GET"]}}],"collection":[{"href":"https:\/\/www.destination-saintquentin.fr\/de\/wp-json\/wp\/v2\/product"}],"about":[{"href":"https:\/\/www.destination-saintquentin.fr\/de\/wp-json\/wp\/v2\/types\/product"}],"wp:featuredmedia":[{"embeddable":true,"href":"https:\/\/www.destination-saintquentin.fr\/de\/wp-json\/wp\/v2\/media\/81706"}],"wp:attachment":[{"href":"https:\/\/www.destination-saintquentin.fr\/de\/wp-json\/wp\/v2\/media?parent=81704"}],"wp:term":[{"taxonomy":"product_brand","embeddable":true,"href":"https:\/\/www.destination-saintquentin.fr\/de\/wp-json\/wp\/v2\/product_brand?post=81704"},{"taxonomy":"product_cat","embeddable":true,"href":"https:\/\/www.destination-saintquentin.fr\/de\/wp-json\/wp\/v2\/product_cat?post=81704"},{"taxonomy":"product_tag","embeddable":true,"href":"https:\/\/www.destination-saintquentin.fr\/de\/wp-json\/wp\/v2\/product_tag?post=81704"}],"curies":[{"name":"wp","href":"https:\/\/api.w.org\/{rel}","templated":true}]}}