{"id":81699,"date":"2025-12-03T03:02:47","date_gmt":"2025-12-03T02:02:47","guid":{"rendered":"https:\/\/www.destination-saintquentin.fr\/produit\/initiation-artistique-au-musee-lecuyer-stage-dessin-animalier\/"},"modified":"2026-04-19T03:01:46","modified_gmt":"2026-04-19T01:01:46","slug":"initiation-artistique-au-musee-lecuyer-stage-dessin-animalier","status":"publish","type":"product","link":"https:\/\/www.destination-saintquentin.fr\/de\/produit\/initiation-artistique-au-musee-lecuyer-stage-dessin-animalier\/","title":{"rendered":"Initiation artistique au Mus\u00e9e L\u00e9cuyer : Stage dessin animalier"},"content":{"rendered":"<p>RDV au Mus\u00e9e Antoine L\u00e9cuyer  &#8211; NON REMBOURSABLE &#8211; d\u00e9butants et amateurs &#8211; STAGE SUR 2 JOURS<br \/>\nEn compagnie de Maryan Poidevin, ancien \u00e9l\u00e8ve de l\u2019\u00e9cole Quentin de La Tour, pastelliste amateur passionn\u00e9 depuis le d\u00e9but des ann\u00e9es 1980, nous vous proposons une immersion graphique dans le monde animal. Crayons en main, inspirez-vous des animaux repr\u00e9sent\u00e9s dans les collections et apprenez \u00e0 capturer le mouvement, le regard\u2026Un moment pour d\u00e9velopper votre sens de l\u2019observation et enrichir votre pratique artistique. <\/p>\n<p>Vous aimez dessiner et \u00eates fascin\u00e9 par le monde animal\u202f? Ce stage est fait pour vous\u202f! <\/p>\n<p>Stage sur 2 jours, samedi 24 et dimanche 25 janvier 2026 \u00e0 14h30 (dur\u00e9e 2x2h) <\/p>\n<p>A partir de 16 ans<\/p>\n","protected":false},"excerpt":{"rendered":"<p>RDV au Mus\u00e9e Antoine L\u00e9cuyer &#8211; NON REMBOURSABLE &#8211; d\u00e9butants et amateurs &#8211; STAGE SUR 2 JOURS En compagnie de Maryan Poidevin, ancien \u00e9l\u00e8ve de l\u2019\u00e9cole Quentin de La Tour, pastelliste amateur passionn\u00e9 depuis le d\u00e9but des ann\u00e9es 1980, nous vous proposons une immersion graphique dans le monde animal. Crayons en main, inspirez-vous des animaux [&hellip;]<\/p>\n","protected":false},"author":0,"featured_media":81701,"template":"","meta":{"_acf_changed":false},"product_brand":[],"product_cat":[506],"product_tag":[],"class_list":{"0":"post-81699","1":"product","2":"type-product","3":"status-publish","4":"has-post-thumbnail","6":"product_cat-visites-guidees-patrimoine","8":"first","9":"outofstock","10":"shipping-taxable","11":"purchasable","12":"product-type-variable"},"acf":[],"_links":{"self":[{"href":"https:\/\/www.destination-saintquentin.fr\/de\/wp-json\/wp\/v2\/product\/81699","targetHints":{"allow":["GET"]}}],"collection":[{"href":"https:\/\/www.destination-saintquentin.fr\/de\/wp-json\/wp\/v2\/product"}],"about":[{"href":"https:\/\/www.destination-saintquentin.fr\/de\/wp-json\/wp\/v2\/types\/product"}],"wp:featuredmedia":[{"embeddable":true,"href":"https:\/\/www.destination-saintquentin.fr\/de\/wp-json\/wp\/v2\/media\/81701"}],"wp:attachment":[{"href":"https:\/\/www.destination-saintquentin.fr\/de\/wp-json\/wp\/v2\/media?parent=81699"}],"wp:term":[{"taxonomy":"product_brand","embeddable":true,"href":"https:\/\/www.destination-saintquentin.fr\/de\/wp-json\/wp\/v2\/product_brand?post=81699"},{"taxonomy":"product_cat","embeddable":true,"href":"https:\/\/www.destination-saintquentin.fr\/de\/wp-json\/wp\/v2\/product_cat?post=81699"},{"taxonomy":"product_tag","embeddable":true,"href":"https:\/\/www.destination-saintquentin.fr\/de\/wp-json\/wp\/v2\/product_tag?post=81699"}],"curies":[{"name":"wp","href":"https:\/\/api.w.org\/{rel}","templated":true}]}}