{"id":81694,"date":"2025-12-03T03:02:46","date_gmt":"2025-12-03T02:02:46","guid":{"rendered":"https:\/\/www.destination-saintquentin.fr\/produit\/visite-speciale-saint-valentin-au-musee-des-beaux-arts-amour-art-et-gourmandise\/"},"modified":"2026-04-19T03:01:46","modified_gmt":"2026-04-19T01:01:46","slug":"visite-speciale-saint-valentin-au-musee-des-beaux-arts-amour-art-et-gourmandise","status":"publish","type":"product","link":"https:\/\/www.destination-saintquentin.fr\/de\/produit\/visite-speciale-saint-valentin-au-musee-des-beaux-arts-amour-art-et-gourmandise\/","title":{"rendered":"Visite sp\u00e9ciale Saint-Valentin au Mus\u00e9e des Beaux-Arts : Amour, art et gourmandise"},"content":{"rendered":"<p>NON REMBOURSABLE  -Rdv devant le Mus\u00e9e Antoine L\u00e9cuyer<br \/>\nDes amours d\u2019artistes, souvent sources d\u2019inspiration pour leurs \u0153uvres, aux amours mythologiques, en passant par les f\u00eates galantes, cette visite, sp\u00e9ciale St Valentin, vous permettra de d\u00e9couvrir les \u0153uvres des collections du mus\u00e9e des Beaux-Arts Antoine L\u00e9cuyer ayant trait \u00e0 l\u2019amour.  <\/p>\n<p>\u00c0 l\u2019issue de la visite, nous vous proposons une d\u00e9gustation conviviale, avec quelques douceurs sucr\u00e9es et une coupe de bulles, \u00e0 partager dans un cadre inspirant et intimiste. Une photo souvenir, avec le passe-t\u00eate sp\u00e9cialement d\u00e9cor\u00e9 pour l\u2019occasion, vous permettra d\u2019immortaliser cette parenth\u00e8se artistique et gourmande. <\/p>\n<p>Une exp\u00e9rience culturelle et chaleureuse, \u00e0 partager en duo, entre amis ou en famille\u202f! <\/p>\n","protected":false},"excerpt":{"rendered":"<p>NON REMBOURSABLE -Rdv devant le Mus\u00e9e Antoine L\u00e9cuyer Des amours d\u2019artistes, souvent sources d\u2019inspiration pour leurs \u0153uvres, aux amours mythologiques, en passant par les f\u00eates galantes, cette visite, sp\u00e9ciale St Valentin, vous permettra de d\u00e9couvrir les \u0153uvres des collections du mus\u00e9e des Beaux-Arts Antoine L\u00e9cuyer ayant trait \u00e0 l\u2019amour. \u00c0 l\u2019issue de la visite, nous [&hellip;]<\/p>\n","protected":false},"author":0,"featured_media":81696,"template":"","meta":{"_acf_changed":false},"product_brand":[],"product_cat":[506],"product_tag":[],"class_list":{"0":"post-81694","1":"product","2":"type-product","3":"status-publish","4":"has-post-thumbnail","6":"product_cat-visites-guidees-patrimoine","8":"first","9":"outofstock","10":"shipping-taxable","11":"purchasable","12":"product-type-variable"},"acf":[],"_links":{"self":[{"href":"https:\/\/www.destination-saintquentin.fr\/de\/wp-json\/wp\/v2\/product\/81694","targetHints":{"allow":["GET"]}}],"collection":[{"href":"https:\/\/www.destination-saintquentin.fr\/de\/wp-json\/wp\/v2\/product"}],"about":[{"href":"https:\/\/www.destination-saintquentin.fr\/de\/wp-json\/wp\/v2\/types\/product"}],"wp:featuredmedia":[{"embeddable":true,"href":"https:\/\/www.destination-saintquentin.fr\/de\/wp-json\/wp\/v2\/media\/81696"}],"wp:attachment":[{"href":"https:\/\/www.destination-saintquentin.fr\/de\/wp-json\/wp\/v2\/media?parent=81694"}],"wp:term":[{"taxonomy":"product_brand","embeddable":true,"href":"https:\/\/www.destination-saintquentin.fr\/de\/wp-json\/wp\/v2\/product_brand?post=81694"},{"taxonomy":"product_cat","embeddable":true,"href":"https:\/\/www.destination-saintquentin.fr\/de\/wp-json\/wp\/v2\/product_cat?post=81694"},{"taxonomy":"product_tag","embeddable":true,"href":"https:\/\/www.destination-saintquentin.fr\/de\/wp-json\/wp\/v2\/product_tag?post=81694"}],"curies":[{"name":"wp","href":"https:\/\/api.w.org\/{rel}","templated":true}]}}