{"id":77862,"date":"2025-07-11T03:01:14","date_gmt":"2025-07-11T01:01:14","guid":{"rendered":"https:\/\/www.destination-saintquentin.fr\/produit\/100-cartes-100-petites-histoires-saint-quentinoises-tome-2\/"},"modified":"2026-05-14T11:21:55","modified_gmt":"2026-05-14T09:21:55","slug":"100-cartes-100-petites-histoires-saint-quentinoises-tome-2","status":"publish","type":"product","link":"https:\/\/www.destination-saintquentin.fr\/de\/produit\/100-cartes-100-petites-histoires-saint-quentinoises-tome-2\/","title":{"rendered":"100 cartes, 100 petites histoires saint-quentinoises tome 2"},"content":{"rendered":"<p>Auteur : Soci\u00e9t\u00e9 acad\u00e9mique<\/p>\n<p dir=\"ltr\"><b id=\"docs-internal-guid-1176e266-7fff-eb4d-4601-224009312577\">La Soci\u00e9t\u00e9 Acad\u00e9mique publie un nouvel ouvrage ! L\u2019ancienne pr\u00e9sidente Maryse Trannois en est l\u2019auteure, figure embl\u00e9matique, elle poss\u00e8de une impressionnante collection de cartes postales des lieux, personnages ou \u00e9v\u00e9nements illustrant l\u2019histoire de la ville. Des tranches de vie locale, une immersion en images sur pr\u00e8s trois si\u00e8cles.<\/b><\/p>\n<p>Tome 2<\/p>\n","protected":false},"excerpt":{"rendered":"<p>Auteur : Soci\u00e9t\u00e9 acad\u00e9mique La Soci\u00e9t\u00e9 Acad\u00e9mique publie un nouvel ouvrage ! L\u2019ancienne pr\u00e9sidente Maryse Trannois en est l\u2019auteure, figure embl\u00e9matique, elle poss\u00e8de une impressionnante collection de cartes postales des lieux, personnages ou \u00e9v\u00e9nements illustrant l\u2019histoire de la ville. Des tranches de vie locale, une immersion en images sur pr\u00e8s trois si\u00e8cles. Tome 2<\/p>\n","protected":false},"author":247,"featured_media":77863,"template":"","meta":{"_acf_changed":false},"product_brand":[],"product_cat":[511],"product_tag":[],"class_list":{"0":"post-77862","1":"product","2":"type-product","3":"status-publish","4":"has-post-thumbnail","6":"product_cat-patrimoine","8":"first","9":"instock","10":"shipping-taxable","11":"purchasable","12":"product-type-simple"},"acf":[],"_links":{"self":[{"href":"https:\/\/www.destination-saintquentin.fr\/de\/wp-json\/wp\/v2\/product\/77862","targetHints":{"allow":["GET"]}}],"collection":[{"href":"https:\/\/www.destination-saintquentin.fr\/de\/wp-json\/wp\/v2\/product"}],"about":[{"href":"https:\/\/www.destination-saintquentin.fr\/de\/wp-json\/wp\/v2\/types\/product"}],"author":[{"embeddable":true,"href":"https:\/\/www.destination-saintquentin.fr\/de\/wp-json\/wp\/v2\/users\/247"}],"wp:featuredmedia":[{"embeddable":true,"href":"https:\/\/www.destination-saintquentin.fr\/de\/wp-json\/wp\/v2\/media\/77863"}],"wp:attachment":[{"href":"https:\/\/www.destination-saintquentin.fr\/de\/wp-json\/wp\/v2\/media?parent=77862"}],"wp:term":[{"taxonomy":"product_brand","embeddable":true,"href":"https:\/\/www.destination-saintquentin.fr\/de\/wp-json\/wp\/v2\/product_brand?post=77862"},{"taxonomy":"product_cat","embeddable":true,"href":"https:\/\/www.destination-saintquentin.fr\/de\/wp-json\/wp\/v2\/product_cat?post=77862"},{"taxonomy":"product_tag","embeddable":true,"href":"https:\/\/www.destination-saintquentin.fr\/de\/wp-json\/wp\/v2\/product_tag?post=77862"}],"curies":[{"name":"wp","href":"https:\/\/api.w.org\/{rel}","templated":true}]}}