{"id":75896,"date":"2025-05-14T03:01:22","date_gmt":"2025-05-14T01:01:22","guid":{"rendered":"https:\/\/www.destination-saintquentin.fr\/produit\/petits-experts-du-patrimoine-bebe-au-musee\/"},"modified":"2026-04-19T03:01:27","modified_gmt":"2026-04-19T01:01:27","slug":"petits-experts-du-patrimoine-bebe-au-musee","status":"publish","type":"product","link":"https:\/\/www.destination-saintquentin.fr\/de\/produit\/petits-experts-du-patrimoine-bebe-au-musee\/","title":{"rendered":"Petits experts du Patrimoine : B\u00e9b\u00e9 au Mus\u00e9e"},"content":{"rendered":"<p>NON REMBOURSABLE &#8211; RDV au Mus\u00e9e Antoine L\u00e9cuyer &#8211; De 1 \u00e0 3 ans, avec 1 \u00e0 2 accompagnateurs<br \/>\nSeul l&#8217;enfant est muni d&#8217;un billet.<br \/>\nJeudi 26 f\u00e9vrier 2025 \u00e0 10h30 : B\u00e9b\u00e9 au mus\u00e9e : mon premier hiver au mus\u00e9e <\/p>\n<p>Il n&#8217;y a pas d&#8217;\u00e2ge pour aller au mus\u00e9e ! Les formes, les couleurs, les textures, tout y est pr\u00e9texte \u00e0 la stimulation des sens, au partage et \u00e0 l&#8217;\u00e9veil artistique.<br \/>\nAccompagnez votre tout-petit dans ses premiers \u00e9mois artistiques le temps d\u2019un moment privil\u00e9gi\u00e9. Une bulle de douceur pour aborder la visite du mus\u00e9e autrement ! <\/p>\n<p>Jeudi 16 avril 2025 \u00e0 10h30 : B\u00e9b\u00e9 au mus\u00e9e : mon premier printemps de l\u2019Art d\u00e9co <\/p>\n<p>Il n&#8217;y a pas d&#8217;\u00e2ge pour aller au mus\u00e9e ! Les formes, les couleurs, les textures, tout y est pr\u00e9texte \u00e0 la stimulation des sens, au partage et \u00e0 l&#8217;\u00e9veil artistique.<br \/>\nAccompagnez votre tout-petit dans ses premiers \u00e9mois artistiques le temps d\u2019un moment privil\u00e9gi\u00e9. Une bulle de douceur pour aborder la visite du mus\u00e9e autrement ! <\/p>\n<p>Tarif : 5 euros par enfant.<\/p>\n<p>De 6 mois \u00e0 3 ans, 2 accompagnants maximum par enfant<br \/>\nLes adultes accompagnateurs n&#8217;ont pas besoin d&#8217;acheter de billet.<\/p>\n","protected":false},"excerpt":{"rendered":"<p>NON REMBOURSABLE &#8211; RDV au Mus\u00e9e Antoine L\u00e9cuyer &#8211; De 1 \u00e0 3 ans, avec 1 \u00e0 2 accompagnateurs Seul l&#8217;enfant est muni d&#8217;un billet. Jeudi 26 f\u00e9vrier 2025 \u00e0 10h30 : B\u00e9b\u00e9 au mus\u00e9e : mon premier hiver au mus\u00e9e Il n&#8217;y a pas d&#8217;\u00e2ge pour aller au mus\u00e9e ! Les formes, les couleurs, [&hellip;]<\/p>\n","protected":false},"author":0,"featured_media":81343,"template":"","meta":{"_acf_changed":false},"product_brand":[],"product_cat":[506],"product_tag":[],"class_list":{"0":"post-75896","1":"product","2":"type-product","3":"status-publish","4":"has-post-thumbnail","6":"product_cat-visites-guidees-patrimoine","8":"first","9":"outofstock","10":"shipping-taxable","11":"purchasable","12":"product-type-variable"},"acf":[],"_links":{"self":[{"href":"https:\/\/www.destination-saintquentin.fr\/de\/wp-json\/wp\/v2\/product\/75896","targetHints":{"allow":["GET"]}}],"collection":[{"href":"https:\/\/www.destination-saintquentin.fr\/de\/wp-json\/wp\/v2\/product"}],"about":[{"href":"https:\/\/www.destination-saintquentin.fr\/de\/wp-json\/wp\/v2\/types\/product"}],"wp:featuredmedia":[{"embeddable":true,"href":"https:\/\/www.destination-saintquentin.fr\/de\/wp-json\/wp\/v2\/media\/81343"}],"wp:attachment":[{"href":"https:\/\/www.destination-saintquentin.fr\/de\/wp-json\/wp\/v2\/media?parent=75896"}],"wp:term":[{"taxonomy":"product_brand","embeddable":true,"href":"https:\/\/www.destination-saintquentin.fr\/de\/wp-json\/wp\/v2\/product_brand?post=75896"},{"taxonomy":"product_cat","embeddable":true,"href":"https:\/\/www.destination-saintquentin.fr\/de\/wp-json\/wp\/v2\/product_cat?post=75896"},{"taxonomy":"product_tag","embeddable":true,"href":"https:\/\/www.destination-saintquentin.fr\/de\/wp-json\/wp\/v2\/product_tag?post=75896"}],"curies":[{"name":"wp","href":"https:\/\/api.w.org\/{rel}","templated":true}]}}