{"id":75280,"date":"2025-04-26T03:01:08","date_gmt":"2025-04-26T01:01:08","guid":{"rendered":"https:\/\/www.destination-saintquentin.fr\/produit\/lart-deco-et-saint-quentin-linvention-dun-style-international\/"},"modified":"2026-05-12T17:21:14","modified_gmt":"2026-05-12T15:21:14","slug":"lart-deco-et-saint-quentin-linvention-dun-style-international","status":"publish","type":"product","link":"https:\/\/www.destination-saintquentin.fr\/de\/produit\/lart-deco-et-saint-quentin-linvention-dun-style-international\/","title":{"rendered":"L&#8217;Art d\u00e9co et Saint-Quentin l&#8217;invention d&#8217;un style international"},"content":{"rendered":"<p>Auteurs\u00a0: Emmanuel Br\u00e9on \u2013 Victorien Georges<\/p>\n<p>La Grande Guerre a irr\u00e9m\u00e9diablement marqu\u00e9 et transform\u00e9 Saint-Quentin. \u00c0 partir du 28 ao\u00fbt 1914 et pendant 31 mois, la ville sera occup\u00e9e par les soldats allemands et ses habitants confront\u00e9s \u00e0 l\u2019exode puis \u00e0 un retour dans une cit\u00e9 d\u00e9vast\u00e9e \u00e0 pr\u00e8s de 80%. Octobre 1918\u00a0:\u00a0lib\u00e9ration de la ville.<\/p>\n<p>Le reconstruction se met vite en place sous la houlette de l\u2019architecte municipal Louis Guindez, qui fait appel \u00e0 des architectes renomm\u00e9s tant sur le plan national, comme Paul Bigot et Urban Cassan qu\u2019au niveau local avec des architectes tout aussi talentueux.<\/p>\n","protected":false},"excerpt":{"rendered":"<p>Auteurs\u00a0: Emmanuel Br\u00e9on \u2013 Victorien Georges La Grande Guerre a irr\u00e9m\u00e9diablement marqu\u00e9 et transform\u00e9 Saint-Quentin. \u00c0 partir du 28 ao\u00fbt 1914 et pendant 31 mois, la ville sera occup\u00e9e par les soldats allemands et ses habitants confront\u00e9s \u00e0 l\u2019exode puis \u00e0 un retour dans une cit\u00e9 d\u00e9vast\u00e9e \u00e0 pr\u00e8s de 80%. Octobre 1918\u00a0:\u00a0lib\u00e9ration de la [&hellip;]<\/p>\n","protected":false},"author":51,"featured_media":75281,"template":"","meta":{"_acf_changed":false},"product_brand":[],"product_cat":[511],"product_tag":[],"class_list":{"0":"post-75280","1":"product","2":"type-product","3":"status-publish","4":"has-post-thumbnail","6":"product_cat-patrimoine","8":"first","9":"outofstock","10":"shipping-taxable","11":"purchasable","12":"product-type-simple"},"acf":[],"_links":{"self":[{"href":"https:\/\/www.destination-saintquentin.fr\/de\/wp-json\/wp\/v2\/product\/75280","targetHints":{"allow":["GET"]}}],"collection":[{"href":"https:\/\/www.destination-saintquentin.fr\/de\/wp-json\/wp\/v2\/product"}],"about":[{"href":"https:\/\/www.destination-saintquentin.fr\/de\/wp-json\/wp\/v2\/types\/product"}],"author":[{"embeddable":true,"href":"https:\/\/www.destination-saintquentin.fr\/de\/wp-json\/wp\/v2\/users\/51"}],"wp:featuredmedia":[{"embeddable":true,"href":"https:\/\/www.destination-saintquentin.fr\/de\/wp-json\/wp\/v2\/media\/75281"}],"wp:attachment":[{"href":"https:\/\/www.destination-saintquentin.fr\/de\/wp-json\/wp\/v2\/media?parent=75280"}],"wp:term":[{"taxonomy":"product_brand","embeddable":true,"href":"https:\/\/www.destination-saintquentin.fr\/de\/wp-json\/wp\/v2\/product_brand?post=75280"},{"taxonomy":"product_cat","embeddable":true,"href":"https:\/\/www.destination-saintquentin.fr\/de\/wp-json\/wp\/v2\/product_cat?post=75280"},{"taxonomy":"product_tag","embeddable":true,"href":"https:\/\/www.destination-saintquentin.fr\/de\/wp-json\/wp\/v2\/product_tag?post=75280"}],"curies":[{"name":"wp","href":"https:\/\/api.w.org\/{rel}","templated":true}]}}