{"id":68594,"date":"2024-07-02T16:30:48","date_gmt":"2024-07-02T14:30:48","guid":{"rendered":"https:\/\/www.destination-saintquentin.fr\/produit\/visite-signee\/"},"modified":"2026-04-19T03:01:34","modified_gmt":"2026-04-19T01:01:34","slug":"visite-signee","status":"publish","type":"product","link":"https:\/\/www.destination-saintquentin.fr\/de\/produit\/visite-signee\/","title":{"rendered":"Visite sign\u00e9e au Mus\u00e9e des Beaux-Arts Antoine L\u00e9cuyer"},"content":{"rendered":"<p>NON REMBOURSABLE  -Rdv dans le hall du Mus\u00e9e Antoine L\u00e9cuyer<br \/>\nParcourez les salons de pastels de Maurice-Quentin de La Tour en compagnie d\u2019un guide conf\u00e9rencier et d\u2019une interpr\u00e8te en langue des signes fran\u00e7aise. Une visite qui vous fera d\u00e9couvrir l&#8217;histoire de cette technique, ma\u00eetris\u00e9e par l\u2019artiste saint-quentinois.<\/p>\n<p>Une visite accessible aux sourds comme aux entendants !<\/p>\n<p>Le justificatif sera \u00e0 pr\u00e9senter au guide pour tout billet gratuit ou \u00e0 tarif r\u00e9duit.<\/p>\n<p>Tarif r\u00e9duit applicable aux \u00e9tudiants, plus de 65 ans, demandeurs d&#8217;emploi, personnes en situation de handicap, d\u00e9tenteur du pass \u00e9ducation.<\/p>\n<p>Gratuit\u00e9 applicable aux moins de 18ans, guide conf\u00e9renciers, m\u00e9c\u00e8nes, presse, partenaires, laur\u00e9ats de jeux concours et visiteurs lors d&#8217;op\u00e9rations sp\u00e9ciales, porteurs de la carte ICOM et invitations de la Ville.<\/p>\n<p>Rdv dans le Hall d\u2019entr\u00e9e du mus\u00e9e Antoine L\u00e9cuyer<\/p>\n","protected":false},"excerpt":{"rendered":"<p>NON REMBOURSABLE -Rdv dans le hall du Mus\u00e9e Antoine L\u00e9cuyer Parcourez les salons de pastels de Maurice-Quentin de La Tour en compagnie d\u2019un guide conf\u00e9rencier et d\u2019une interpr\u00e8te en langue des signes fran\u00e7aise. Une visite qui vous fera d\u00e9couvrir l&#8217;histoire de cette technique, ma\u00eetris\u00e9e par l\u2019artiste saint-quentinois. Une visite accessible aux sourds comme aux entendants [&hellip;]<\/p>\n","protected":false},"author":0,"featured_media":72177,"template":"","meta":{"_acf_changed":false},"product_brand":[],"product_cat":[506],"product_tag":[],"class_list":{"0":"post-68594","1":"product","2":"type-product","3":"status-publish","4":"has-post-thumbnail","6":"product_cat-visites-guidees-patrimoine","8":"first","9":"outofstock","10":"shipping-taxable","11":"purchasable","12":"product-type-variable"},"acf":[],"_links":{"self":[{"href":"https:\/\/www.destination-saintquentin.fr\/de\/wp-json\/wp\/v2\/product\/68594","targetHints":{"allow":["GET"]}}],"collection":[{"href":"https:\/\/www.destination-saintquentin.fr\/de\/wp-json\/wp\/v2\/product"}],"about":[{"href":"https:\/\/www.destination-saintquentin.fr\/de\/wp-json\/wp\/v2\/types\/product"}],"wp:featuredmedia":[{"embeddable":true,"href":"https:\/\/www.destination-saintquentin.fr\/de\/wp-json\/wp\/v2\/media\/72177"}],"wp:attachment":[{"href":"https:\/\/www.destination-saintquentin.fr\/de\/wp-json\/wp\/v2\/media?parent=68594"}],"wp:term":[{"taxonomy":"product_brand","embeddable":true,"href":"https:\/\/www.destination-saintquentin.fr\/de\/wp-json\/wp\/v2\/product_brand?post=68594"},{"taxonomy":"product_cat","embeddable":true,"href":"https:\/\/www.destination-saintquentin.fr\/de\/wp-json\/wp\/v2\/product_cat?post=68594"},{"taxonomy":"product_tag","embeddable":true,"href":"https:\/\/www.destination-saintquentin.fr\/de\/wp-json\/wp\/v2\/product_tag?post=68594"}],"curies":[{"name":"wp","href":"https:\/\/api.w.org\/{rel}","templated":true}]}}