{"id":68581,"date":"2024-07-02T16:30:47","date_gmt":"2024-07-02T14:30:47","guid":{"rendered":"https:\/\/www.destination-saintquentin.fr\/produit\/les-7-cathedrales-picardes-comparaison-par-limage-2\/"},"modified":"2026-05-12T20:30:23","modified_gmt":"2026-05-12T18:30:23","slug":"les-7-cathedrales-picardes-comparaison-par-limage-2","status":"publish","type":"product","link":"https:\/\/www.destination-saintquentin.fr\/de\/produit\/les-7-cathedrales-picardes-comparaison-par-limage-2\/","title":{"rendered":"The 7 cathedrals of Picardy &#8211; An illustrated comparison"},"content":{"rendered":"<p>Author: F\u00e9d\u00e9ration des cath\u00e9drales picardes<\/p>\n<p>Within a 60km perimeter, Picardy boasts a unique heritage: seven cathedrals built between the 12th and 16th centuries, in Noyon, Senlis, Laon, Saint-Quentin, Soissons, Amiens and Beauvais, all of which sum up the wonderful page of history that was &#8222;the time of the cathedrals&#8220;.<\/p>\n<p>By presenting the seven buildings side by side, with an overview of their particular features, this booklet is both an educational tool and an invitation to travel.<\/p>\n","protected":false},"excerpt":{"rendered":"<p>Author: F\u00e9d\u00e9ration des cath\u00e9drales picardes Within a 60km perimeter, Picardy boasts a unique heritage: seven cathedrals built between the 12th and 16th centuries, in Noyon, Senlis, Laon, Saint-Quentin, Soissons, Amiens and Beauvais, all of which sum up the wonderful page of history that was &#8222;the time of the cathedrals&#8220;. By presenting the seven buildings side [&hellip;]<\/p>\n","protected":false},"author":51,"featured_media":75349,"template":"","meta":{"_acf_changed":false},"product_brand":[],"product_cat":[511],"product_tag":[],"class_list":{"0":"post-68581","1":"product","2":"type-product","3":"status-publish","4":"has-post-thumbnail","6":"product_cat-patrimoine","8":"first","9":"instock","10":"shipping-taxable","11":"purchasable","12":"product-type-simple"},"acf":[],"_links":{"self":[{"href":"https:\/\/www.destination-saintquentin.fr\/de\/wp-json\/wp\/v2\/product\/68581","targetHints":{"allow":["GET"]}}],"collection":[{"href":"https:\/\/www.destination-saintquentin.fr\/de\/wp-json\/wp\/v2\/product"}],"about":[{"href":"https:\/\/www.destination-saintquentin.fr\/de\/wp-json\/wp\/v2\/types\/product"}],"author":[{"embeddable":true,"href":"https:\/\/www.destination-saintquentin.fr\/de\/wp-json\/wp\/v2\/users\/51"}],"wp:featuredmedia":[{"embeddable":true,"href":"https:\/\/www.destination-saintquentin.fr\/de\/wp-json\/wp\/v2\/media\/75349"}],"wp:attachment":[{"href":"https:\/\/www.destination-saintquentin.fr\/de\/wp-json\/wp\/v2\/media?parent=68581"}],"wp:term":[{"taxonomy":"product_brand","embeddable":true,"href":"https:\/\/www.destination-saintquentin.fr\/de\/wp-json\/wp\/v2\/product_brand?post=68581"},{"taxonomy":"product_cat","embeddable":true,"href":"https:\/\/www.destination-saintquentin.fr\/de\/wp-json\/wp\/v2\/product_cat?post=68581"},{"taxonomy":"product_tag","embeddable":true,"href":"https:\/\/www.destination-saintquentin.fr\/de\/wp-json\/wp\/v2\/product_tag?post=68581"}],"curies":[{"name":"wp","href":"https:\/\/api.w.org\/{rel}","templated":true}]}}