{"id":68439,"date":"2024-07-02T16:30:27","date_gmt":"2024-07-02T14:30:27","guid":{"rendered":"https:\/\/www.destination-saintquentin.fr\/produit\/le-casino-lhistoire-du-cinema\/"},"modified":"2026-05-12T16:16:50","modified_gmt":"2026-05-12T14:16:50","slug":"le-casino-lhistoire-du-cinema","status":"publish","type":"product","link":"https:\/\/www.destination-saintquentin.fr\/de\/produit\/le-casino-lhistoire-du-cinema\/","title":{"rendered":"Le Casino &amp; l&#8217;Histoire du Cin\u00e9ma"},"content":{"rendered":"<p>Auteur : Fr\u00e9d\u00e9ric Pillet<\/p>\n<p>Le Casino, joyaux de l\u2019Art d\u00e9co, \u00e9tait l\u2019une des trois grandes salles saint-quentinoises de cin\u00e9ma et de spectacles des Ann\u00e9es Folles, aux c\u00f4t\u00e9s du Carillon et du Splendid. Il est inaugur\u00e9 en juin 1929, 33 ans apr\u00e8s la premi\u00e8re projection cin\u00e9matographique \u00e0 Saint-Quentin, rue de la Sellerie. Durant les trois premi\u00e8res d\u00e9cennies du cin\u00e9ma saint-quentinois, et durant les quatre suivantes, plus d\u2019une dizaine d\u2019autres salles naissent et disparaissent, dans le centre-ville et les quartiers de Saint-Quentin. <\/p>\n<p>Cet ouvrage propose de d\u00e9couvrir, ou de red\u00e9couvrir, une histoire ancr\u00e9e dans la m\u00e9moire et le patrimoine saint-quentinois.<\/p>\n","protected":false},"excerpt":{"rendered":"<p>Auteur : Fr\u00e9d\u00e9ric Pillet Le Casino, joyaux de l\u2019Art d\u00e9co, \u00e9tait l\u2019une des trois grandes salles saint-quentinoises de cin\u00e9ma et de spectacles des Ann\u00e9es Folles, aux c\u00f4t\u00e9s du Carillon et du Splendid. Il est inaugur\u00e9 en juin 1929, 33 ans apr\u00e8s la premi\u00e8re projection cin\u00e9matographique \u00e0 Saint-Quentin, rue de la Sellerie. Durant les trois premi\u00e8res [&hellip;]<\/p>\n","protected":false},"author":51,"featured_media":75336,"template":"","meta":{"_acf_changed":false},"product_brand":[],"product_cat":[511],"product_tag":[],"class_list":{"0":"post-68439","1":"product","2":"type-product","3":"status-publish","4":"has-post-thumbnail","6":"product_cat-patrimoine","8":"first","9":"instock","10":"shipping-taxable","11":"purchasable","12":"product-type-simple"},"acf":[],"_links":{"self":[{"href":"https:\/\/www.destination-saintquentin.fr\/de\/wp-json\/wp\/v2\/product\/68439","targetHints":{"allow":["GET"]}}],"collection":[{"href":"https:\/\/www.destination-saintquentin.fr\/de\/wp-json\/wp\/v2\/product"}],"about":[{"href":"https:\/\/www.destination-saintquentin.fr\/de\/wp-json\/wp\/v2\/types\/product"}],"author":[{"embeddable":true,"href":"https:\/\/www.destination-saintquentin.fr\/de\/wp-json\/wp\/v2\/users\/51"}],"wp:featuredmedia":[{"embeddable":true,"href":"https:\/\/www.destination-saintquentin.fr\/de\/wp-json\/wp\/v2\/media\/75336"}],"wp:attachment":[{"href":"https:\/\/www.destination-saintquentin.fr\/de\/wp-json\/wp\/v2\/media?parent=68439"}],"wp:term":[{"taxonomy":"product_brand","embeddable":true,"href":"https:\/\/www.destination-saintquentin.fr\/de\/wp-json\/wp\/v2\/product_brand?post=68439"},{"taxonomy":"product_cat","embeddable":true,"href":"https:\/\/www.destination-saintquentin.fr\/de\/wp-json\/wp\/v2\/product_cat?post=68439"},{"taxonomy":"product_tag","embeddable":true,"href":"https:\/\/www.destination-saintquentin.fr\/de\/wp-json\/wp\/v2\/product_tag?post=68439"}],"curies":[{"name":"wp","href":"https:\/\/api.w.org\/{rel}","templated":true}]}}