{"id":68400,"date":"2024-07-02T16:30:23","date_gmt":"2024-07-02T14:30:23","guid":{"rendered":"https:\/\/www.destination-saintquentin.fr\/produit\/les-armes-de-la-seduction-accessoires-de-mode-et-beaute-au-siecle-des-lumieres\/"},"modified":"2026-05-14T15:35:17","modified_gmt":"2026-05-14T13:35:17","slug":"les-armes-de-la-seduction-accessoires-de-mode-et-beaute-au-siecle-des-lumieres","status":"publish","type":"product","link":"https:\/\/www.destination-saintquentin.fr\/de\/produit\/les-armes-de-la-seduction-accessoires-de-mode-et-beaute-au-siecle-des-lumieres\/","title":{"rendered":"Les armes de la s\u00e9duction : Accessoires de mode et beaut\u00e9 au si\u00e8cle des lumi\u00e8res"},"content":{"rendered":"<p>Auteurs : Anne Camilli et Victorien Georges<\/p>\n<p>L&#8217;art de la s\u00e9duction n\u00e9cessite parfois des armes trompeuses, pour convaincre, susciter l&#8217;admiration ou le d\u00e9sir.<\/p>\n<p>Associant finesse d&#8217;esprit et sophistication, les accessoires de mode, de parfum et de beaut\u00e9 exaltent cette qu\u00eate d\u00e9licate des femmes et des hommes du XVIIIe si\u00e8cle.<\/p>\n","protected":false},"excerpt":{"rendered":"<p>Auteurs : Anne Camilli et Victorien Georges L&#8217;art de la s\u00e9duction n\u00e9cessite parfois des armes trompeuses, pour convaincre, susciter l&#8217;admiration ou le d\u00e9sir. Associant finesse d&#8217;esprit et sophistication, les accessoires de mode, de parfum et de beaut\u00e9 exaltent cette qu\u00eate d\u00e9licate des femmes et des hommes du XVIIIe si\u00e8cle.<\/p>\n","protected":false},"author":0,"featured_media":75327,"template":"","meta":{"_acf_changed":false},"product_brand":[],"product_cat":[511],"product_tag":[],"class_list":{"0":"post-68400","1":"product","2":"type-product","3":"status-publish","4":"has-post-thumbnail","6":"product_cat-patrimoine","8":"first","9":"instock","10":"shipping-taxable","11":"purchasable","12":"product-type-simple"},"acf":[],"_links":{"self":[{"href":"https:\/\/www.destination-saintquentin.fr\/de\/wp-json\/wp\/v2\/product\/68400","targetHints":{"allow":["GET"]}}],"collection":[{"href":"https:\/\/www.destination-saintquentin.fr\/de\/wp-json\/wp\/v2\/product"}],"about":[{"href":"https:\/\/www.destination-saintquentin.fr\/de\/wp-json\/wp\/v2\/types\/product"}],"wp:featuredmedia":[{"embeddable":true,"href":"https:\/\/www.destination-saintquentin.fr\/de\/wp-json\/wp\/v2\/media\/75327"}],"wp:attachment":[{"href":"https:\/\/www.destination-saintquentin.fr\/de\/wp-json\/wp\/v2\/media?parent=68400"}],"wp:term":[{"taxonomy":"product_brand","embeddable":true,"href":"https:\/\/www.destination-saintquentin.fr\/de\/wp-json\/wp\/v2\/product_brand?post=68400"},{"taxonomy":"product_cat","embeddable":true,"href":"https:\/\/www.destination-saintquentin.fr\/de\/wp-json\/wp\/v2\/product_cat?post=68400"},{"taxonomy":"product_tag","embeddable":true,"href":"https:\/\/www.destination-saintquentin.fr\/de\/wp-json\/wp\/v2\/product_tag?post=68400"}],"curies":[{"name":"wp","href":"https:\/\/api.w.org\/{rel}","templated":true}]}}