{"id":68302,"date":"2024-07-02T16:30:08","date_gmt":"2024-07-02T14:30:08","guid":{"rendered":"https:\/\/www.destination-saintquentin.fr\/produit\/la-basilique-de-saint-quentin\/"},"modified":"2026-05-12T17:20:56","modified_gmt":"2026-05-12T15:20:56","slug":"la-basilique-de-saint-quentin","status":"publish","type":"product","link":"https:\/\/www.destination-saintquentin.fr\/de\/produit\/la-basilique-de-saint-quentin\/","title":{"rendered":"La Basilique de Saint-Quentin"},"content":{"rendered":"<p>Auteur : Bernard Lebrun \/ Photographe : Sam Bellet<\/p>\n<p>La Basilique de Saint-Quentin n&#8217;avait jamais fait l&#8217;objet d&#8217;une visite photographique compl\u00e8te et organis\u00e9e.<\/p>\n<p>Gr\u00e2ce \u00e0 l&#8217;incroyable recherche de la bonne lumi\u00e8re de Sam Bellet et aux \u00e9vocations de Bernard Lebrun, cet ouvrage remarquablement illustr\u00e9 vient combler ce manque.<br \/>\n\u00a0<\/p>\n","protected":false},"excerpt":{"rendered":"<p>Auteur : Bernard Lebrun \/ Photographe : Sam Bellet La Basilique de Saint-Quentin n&#8217;avait jamais fait l&#8217;objet d&#8217;une visite photographique compl\u00e8te et organis\u00e9e. Gr\u00e2ce \u00e0 l&#8217;incroyable recherche de la bonne lumi\u00e8re de Sam Bellet et aux \u00e9vocations de Bernard Lebrun, cet ouvrage remarquablement illustr\u00e9 vient combler ce manque. \u00a0<\/p>\n","protected":false},"author":51,"featured_media":75312,"template":"","meta":{"_acf_changed":false},"product_brand":[],"product_cat":[511],"product_tag":[],"class_list":{"0":"post-68302","1":"product","2":"type-product","3":"status-publish","4":"has-post-thumbnail","6":"product_cat-patrimoine","8":"first","9":"instock","10":"shipping-taxable","11":"purchasable","12":"product-type-simple"},"acf":[],"_links":{"self":[{"href":"https:\/\/www.destination-saintquentin.fr\/de\/wp-json\/wp\/v2\/product\/68302","targetHints":{"allow":["GET"]}}],"collection":[{"href":"https:\/\/www.destination-saintquentin.fr\/de\/wp-json\/wp\/v2\/product"}],"about":[{"href":"https:\/\/www.destination-saintquentin.fr\/de\/wp-json\/wp\/v2\/types\/product"}],"author":[{"embeddable":true,"href":"https:\/\/www.destination-saintquentin.fr\/de\/wp-json\/wp\/v2\/users\/51"}],"wp:featuredmedia":[{"embeddable":true,"href":"https:\/\/www.destination-saintquentin.fr\/de\/wp-json\/wp\/v2\/media\/75312"}],"wp:attachment":[{"href":"https:\/\/www.destination-saintquentin.fr\/de\/wp-json\/wp\/v2\/media?parent=68302"}],"wp:term":[{"taxonomy":"product_brand","embeddable":true,"href":"https:\/\/www.destination-saintquentin.fr\/de\/wp-json\/wp\/v2\/product_brand?post=68302"},{"taxonomy":"product_cat","embeddable":true,"href":"https:\/\/www.destination-saintquentin.fr\/de\/wp-json\/wp\/v2\/product_cat?post=68302"},{"taxonomy":"product_tag","embeddable":true,"href":"https:\/\/www.destination-saintquentin.fr\/de\/wp-json\/wp\/v2\/product_tag?post=68302"}],"curies":[{"name":"wp","href":"https:\/\/api.w.org\/{rel}","templated":true}]}}