{"id":68281,"date":"2024-07-02T16:30:03","date_gmt":"2024-07-02T14:30:03","guid":{"rendered":"https:\/\/www.destination-saintquentin.fr\/produit\/les-nouvelles-galeries-de-saint-quentin\/"},"modified":"2026-05-14T15:35:17","modified_gmt":"2026-05-14T13:35:17","slug":"les-nouvelles-galeries-de-saint-quentin","status":"publish","type":"product","link":"https:\/\/www.destination-saintquentin.fr\/de\/produit\/les-nouvelles-galeries-de-saint-quentin\/","title":{"rendered":"Les Nouvelles Galeries de Saint-Quentin"},"content":{"rendered":"<p>Auteur : Fr\u00e9d\u00e9ric Pillet<\/p>\n<p>A Saint-Quentin, l&#8217;Art D\u00e9co est pr\u00e9sent dans chaque rue, des \u00e9difices publics et priv\u00e9s aux int\u00e9rieurs stylis\u00e9s.<br \/>\nAu c\u0153ur de ce patrimoine d&#8217;exception, le Grand Magasin, embl\u00e8me de l&#8217;Art D\u00e9co fran\u00e7ais et de notre r\u00e9gion des Hauts-de-France a \u00e9t\u00e9 d\u00e9truit lors de la Premi\u00e8re Guerre mondiale.<br \/>\nLes anciens magasins des Nouvelles Galeries ont \u00e9t\u00e9 reconstruits dans le style Art d\u00e9co dans les ann\u00e9es 20 et le magasin \u00e0 r\u00e9ouvert ses portes en 1927. <\/p>\n<p>D\u00e9couvrez l&#8217;histoire de ce lieu remarquable qui a travers\u00e9 de nombreuses \u00e9poques ! <\/p>\n","protected":false},"excerpt":{"rendered":"<p>Auteur : Fr\u00e9d\u00e9ric Pillet A Saint-Quentin, l&#8217;Art D\u00e9co est pr\u00e9sent dans chaque rue, des \u00e9difices publics et priv\u00e9s aux int\u00e9rieurs stylis\u00e9s. Au c\u0153ur de ce patrimoine d&#8217;exception, le Grand Magasin, embl\u00e8me de l&#8217;Art D\u00e9co fran\u00e7ais et de notre r\u00e9gion des Hauts-de-France a \u00e9t\u00e9 d\u00e9truit lors de la Premi\u00e8re Guerre mondiale. Les anciens magasins des Nouvelles [&hellip;]<\/p>\n","protected":false},"author":0,"featured_media":75299,"template":"","meta":{"_acf_changed":false},"product_brand":[],"product_cat":[511],"product_tag":[],"class_list":{"0":"post-68281","1":"product","2":"type-product","3":"status-publish","4":"has-post-thumbnail","6":"product_cat-patrimoine","8":"first","9":"instock","10":"shipping-taxable","11":"purchasable","12":"product-type-simple"},"acf":[],"_links":{"self":[{"href":"https:\/\/www.destination-saintquentin.fr\/de\/wp-json\/wp\/v2\/product\/68281","targetHints":{"allow":["GET"]}}],"collection":[{"href":"https:\/\/www.destination-saintquentin.fr\/de\/wp-json\/wp\/v2\/product"}],"about":[{"href":"https:\/\/www.destination-saintquentin.fr\/de\/wp-json\/wp\/v2\/types\/product"}],"wp:featuredmedia":[{"embeddable":true,"href":"https:\/\/www.destination-saintquentin.fr\/de\/wp-json\/wp\/v2\/media\/75299"}],"wp:attachment":[{"href":"https:\/\/www.destination-saintquentin.fr\/de\/wp-json\/wp\/v2\/media?parent=68281"}],"wp:term":[{"taxonomy":"product_brand","embeddable":true,"href":"https:\/\/www.destination-saintquentin.fr\/de\/wp-json\/wp\/v2\/product_brand?post=68281"},{"taxonomy":"product_cat","embeddable":true,"href":"https:\/\/www.destination-saintquentin.fr\/de\/wp-json\/wp\/v2\/product_cat?post=68281"},{"taxonomy":"product_tag","embeddable":true,"href":"https:\/\/www.destination-saintquentin.fr\/de\/wp-json\/wp\/v2\/product_tag?post=68281"}],"curies":[{"name":"wp","href":"https:\/\/api.w.org\/{rel}","templated":true}]}}