{"id":68279,"date":"2024-07-02T16:30:03","date_gmt":"2024-07-02T14:30:03","guid":{"rendered":"https:\/\/www.destination-saintquentin.fr\/produit\/14-18-saint-quentin-la-pierre-de-la-memoire\/"},"modified":"2026-05-14T12:53:08","modified_gmt":"2026-05-14T10:53:08","slug":"14-18-saint-quentin-la-pierre-de-la-memoire","status":"publish","type":"product","link":"https:\/\/www.destination-saintquentin.fr\/de\/produit\/14-18-saint-quentin-la-pierre-de-la-memoire\/","title":{"rendered":"14-18 Saint-Quentin, La pierre de la m\u00e9moire"},"content":{"rendered":"<p>Auteur : Fr\u00e9d\u00e9ric Pillet<\/p>\n<p>Cet ouvrage a \u00e9t\u00e9 publi\u00e9 \u00e0 l\u2019occasion du 90e anniversaire du monument aux morts de Saint-Quentin, dans le cadre des comm\u00e9morations du centenaire de la Premi\u00e8re guerre mondiale, inaugur\u00e9 le 31 juillet 1927,<\/p>\n<p>Ce livre \u00e9voque l&#8217;esprit de m\u00e9moire collective, de r\u00e9conciliation franco-allemande et d&#8217;avenir qu&#8217;a v\u00e9cu notre ville lors de &#8222;la Grande Guerre&#8220;. Pierre de l&#8217;histoire, du souvenir, de la m\u00e9moire, notre Monument aux Morts rev\u00eat une symbolique universelle qu&#8217;\u00e0 souhait\u00e9 \u00eatre mis \u00e0 l&#8217;honneur dans cet ouvrage. <\/p>\n","protected":false},"excerpt":{"rendered":"<p>Auteur : Fr\u00e9d\u00e9ric Pillet Cet ouvrage a \u00e9t\u00e9 publi\u00e9 \u00e0 l\u2019occasion du 90e anniversaire du monument aux morts de Saint-Quentin, dans le cadre des comm\u00e9morations du centenaire de la Premi\u00e8re guerre mondiale, inaugur\u00e9 le 31 juillet 1927, Ce livre \u00e9voque l&#8217;esprit de m\u00e9moire collective, de r\u00e9conciliation franco-allemande et d&#8217;avenir qu&#8217;a v\u00e9cu notre ville lors de [&hellip;]<\/p>\n","protected":false},"author":0,"featured_media":75293,"template":"","meta":{"_acf_changed":false},"product_brand":[],"product_cat":[511],"product_tag":[],"class_list":{"0":"post-68279","1":"product","2":"type-product","3":"status-publish","4":"has-post-thumbnail","6":"product_cat-patrimoine","8":"first","9":"outofstock","10":"shipping-taxable","11":"purchasable","12":"product-type-simple"},"acf":[],"_links":{"self":[{"href":"https:\/\/www.destination-saintquentin.fr\/de\/wp-json\/wp\/v2\/product\/68279","targetHints":{"allow":["GET"]}}],"collection":[{"href":"https:\/\/www.destination-saintquentin.fr\/de\/wp-json\/wp\/v2\/product"}],"about":[{"href":"https:\/\/www.destination-saintquentin.fr\/de\/wp-json\/wp\/v2\/types\/product"}],"wp:featuredmedia":[{"embeddable":true,"href":"https:\/\/www.destination-saintquentin.fr\/de\/wp-json\/wp\/v2\/media\/75293"}],"wp:attachment":[{"href":"https:\/\/www.destination-saintquentin.fr\/de\/wp-json\/wp\/v2\/media?parent=68279"}],"wp:term":[{"taxonomy":"product_brand","embeddable":true,"href":"https:\/\/www.destination-saintquentin.fr\/de\/wp-json\/wp\/v2\/product_brand?post=68279"},{"taxonomy":"product_cat","embeddable":true,"href":"https:\/\/www.destination-saintquentin.fr\/de\/wp-json\/wp\/v2\/product_cat?post=68279"},{"taxonomy":"product_tag","embeddable":true,"href":"https:\/\/www.destination-saintquentin.fr\/de\/wp-json\/wp\/v2\/product_tag?post=68279"}],"curies":[{"name":"wp","href":"https:\/\/api.w.org\/{rel}","templated":true}]}}