{"id":68100,"date":"2024-07-02T16:29:40","date_gmt":"2024-07-02T14:29:40","guid":{"rendered":"https:\/\/www.destination-saintquentin.fr\/produit\/le-carillon-de-saint-quentin-marqueur-du-temps-et-instrument-de-concert\/"},"modified":"2026-05-14T09:26:15","modified_gmt":"2026-05-14T07:26:15","slug":"le-carillon-de-saint-quentin-marqueur-du-temps-et-instrument-de-concert","status":"publish","type":"product","link":"https:\/\/www.destination-saintquentin.fr\/de\/produit\/le-carillon-de-saint-quentin-marqueur-du-temps-et-instrument-de-concert\/","title":{"rendered":"Le carillon de Saint-Quentin : Marqueur du temps et instrument de concert"},"content":{"rendered":"<p>Auteur : Francis Cr\u00e9pin<\/p>\n<p>Le carillon de Saint-Quentin : Marqueur du temps et instrument de concert<br \/>\nPercez \u00e0 jour tous les secrets du plus m\u00e9ridional des carillons du nord de la France.<\/p>\n<p>\u00c9dit\u00e9 \u00e0 l&#8217;occasion du 10\u00e8me anniversaire de l&#8217;Association &#8222;Le Campanaire de Saint-Quentin&#8220; 2004-2014<\/p>\n","protected":false},"excerpt":{"rendered":"<p>Auteur : Francis Cr\u00e9pin Le carillon de Saint-Quentin : Marqueur du temps et instrument de concert Percez \u00e0 jour tous les secrets du plus m\u00e9ridional des carillons du nord de la France. \u00c9dit\u00e9 \u00e0 l&#8217;occasion du 10\u00e8me anniversaire de l&#8217;Association &#8222;Le Campanaire de Saint-Quentin&#8220; 2004-2014<\/p>\n","protected":false},"author":51,"featured_media":75274,"template":"","meta":{"_acf_changed":false},"product_brand":[],"product_cat":[511],"product_tag":[],"class_list":{"0":"post-68100","1":"product","2":"type-product","3":"status-publish","4":"has-post-thumbnail","6":"product_cat-patrimoine","8":"first","9":"instock","10":"shipping-taxable","11":"purchasable","12":"product-type-simple"},"acf":[],"_links":{"self":[{"href":"https:\/\/www.destination-saintquentin.fr\/de\/wp-json\/wp\/v2\/product\/68100","targetHints":{"allow":["GET"]}}],"collection":[{"href":"https:\/\/www.destination-saintquentin.fr\/de\/wp-json\/wp\/v2\/product"}],"about":[{"href":"https:\/\/www.destination-saintquentin.fr\/de\/wp-json\/wp\/v2\/types\/product"}],"author":[{"embeddable":true,"href":"https:\/\/www.destination-saintquentin.fr\/de\/wp-json\/wp\/v2\/users\/51"}],"wp:featuredmedia":[{"embeddable":true,"href":"https:\/\/www.destination-saintquentin.fr\/de\/wp-json\/wp\/v2\/media\/75274"}],"wp:attachment":[{"href":"https:\/\/www.destination-saintquentin.fr\/de\/wp-json\/wp\/v2\/media?parent=68100"}],"wp:term":[{"taxonomy":"product_brand","embeddable":true,"href":"https:\/\/www.destination-saintquentin.fr\/de\/wp-json\/wp\/v2\/product_brand?post=68100"},{"taxonomy":"product_cat","embeddable":true,"href":"https:\/\/www.destination-saintquentin.fr\/de\/wp-json\/wp\/v2\/product_cat?post=68100"},{"taxonomy":"product_tag","embeddable":true,"href":"https:\/\/www.destination-saintquentin.fr\/de\/wp-json\/wp\/v2\/product_tag?post=68100"}],"curies":[{"name":"wp","href":"https:\/\/api.w.org\/{rel}","templated":true}]}}