{"id":68047,"date":"2024-07-02T16:29:33","date_gmt":"2024-07-02T14:29:33","guid":{"rendered":"https:\/\/www.destination-saintquentin.fr\/produit\/les-souterrains-voyage-au-centre-de-la-ville\/"},"modified":"2026-04-19T17:08:04","modified_gmt":"2026-04-19T15:08:04","slug":"les-souterrains-voyage-au-centre-de-la-ville","status":"publish","type":"product","link":"https:\/\/www.destination-saintquentin.fr\/de\/produit\/les-souterrains-voyage-au-centre-de-la-ville\/","title":{"rendered":"Les souterrains : voyage au centre de la Ville"},"content":{"rendered":"<p>RDV \u00e0 l&#8217;Office de Tourisme &#8211; NON REMBOURSABLE<br \/>\nSous vos pieds, venez d\u00e9couvrir les richesses du patrimoine souterrain de Saint-Quentin : des anciens cachots royaux aux galeries labyrinthiques de la rue de Saint-Andr\u00e9. Une invitation \u00e0 descendre sous les profondeurs de la Ville\u2026<\/p>\n<p>Un justificatif devra \u00eatre pr\u00e9sent\u00e9 au guide pour tout billet gratuit ou \u00e0 tarif r\u00e9duit.<\/p>\n<p>Le tarif r\u00e9duit s\u2019applique aux \u00e9tudiants, aux personnes de plus de 65 ans, aux demandeurs d\u2019emploi, aux personnes en situation de handicap ainsi qu\u2019aux d\u00e9tenteurs du Pass \u00c9ducation.<\/p>\n<p>La gratuit\u00e9 concerne les moins de 18 ans, les guides-conf\u00e9renciers, les m\u00e9c\u00e8nes, la presse, les partenaires, les laur\u00e9ats de jeux concours, les visiteurs dans le cadre d\u2019op\u00e9rations sp\u00e9ciales, les porteurs de la carte ICOM, les personnes b\u00e9n\u00e9ficiant d\u2019invitations de la Ville ainsi que l\u2019accompagnant d\u2019une personne en situation de handicap.<\/p>\n<p>Attention : chaque participant, y compris les enfants en bas \u00e2ge, doit \u00eatre muni d\u2019un billet pour acc\u00e9der \u00e0 la visite.<\/p>\n","protected":false},"excerpt":{"rendered":"<p>RDV \u00e0 l&#8217;Office de Tourisme &#8211; NON REMBOURSABLE Sous vos pieds, venez d\u00e9couvrir les richesses du patrimoine souterrain de Saint-Quentin : des anciens cachots royaux aux galeries labyrinthiques de la rue de Saint-Andr\u00e9. Une invitation \u00e0 descendre sous les profondeurs de la Ville\u2026 Un justificatif devra \u00eatre pr\u00e9sent\u00e9 au guide pour tout billet gratuit ou [&hellip;]<\/p>\n","protected":false},"author":0,"featured_media":27544,"template":"","meta":{"_acf_changed":false},"product_brand":[],"product_cat":[506],"product_tag":[],"class_list":{"0":"post-68047","1":"product","2":"type-product","3":"status-publish","4":"has-post-thumbnail","6":"product_cat-visites-guidees-patrimoine","8":"first","9":"instock","10":"shipping-taxable","11":"purchasable","12":"product-type-variable"},"acf":[],"_links":{"self":[{"href":"https:\/\/www.destination-saintquentin.fr\/de\/wp-json\/wp\/v2\/product\/68047","targetHints":{"allow":["GET"]}}],"collection":[{"href":"https:\/\/www.destination-saintquentin.fr\/de\/wp-json\/wp\/v2\/product"}],"about":[{"href":"https:\/\/www.destination-saintquentin.fr\/de\/wp-json\/wp\/v2\/types\/product"}],"wp:featuredmedia":[{"embeddable":true,"href":"https:\/\/www.destination-saintquentin.fr\/de\/wp-json\/wp\/v2\/media\/27544"}],"wp:attachment":[{"href":"https:\/\/www.destination-saintquentin.fr\/de\/wp-json\/wp\/v2\/media?parent=68047"}],"wp:term":[{"taxonomy":"product_brand","embeddable":true,"href":"https:\/\/www.destination-saintquentin.fr\/de\/wp-json\/wp\/v2\/product_brand?post=68047"},{"taxonomy":"product_cat","embeddable":true,"href":"https:\/\/www.destination-saintquentin.fr\/de\/wp-json\/wp\/v2\/product_cat?post=68047"},{"taxonomy":"product_tag","embeddable":true,"href":"https:\/\/www.destination-saintquentin.fr\/de\/wp-json\/wp\/v2\/product_tag?post=68047"}],"curies":[{"name":"wp","href":"https:\/\/api.w.org\/{rel}","templated":true}]}}