{"id":68017,"date":"2024-07-02T16:29:31","date_gmt":"2024-07-02T14:29:31","guid":{"rendered":"https:\/\/www.destination-saintquentin.fr\/produit\/cap-sur-lart-deco-les-incontournables\/"},"modified":"2026-04-19T17:08:21","modified_gmt":"2026-04-19T15:08:21","slug":"cap-sur-lart-deco-les-incontournables","status":"publish","type":"product","link":"https:\/\/www.destination-saintquentin.fr\/de\/produit\/cap-sur-lart-deco-les-incontournables\/","title":{"rendered":"Cap sur l&#8217;Art D\u00e9co : Les incontournables"},"content":{"rendered":"<p>RDV \u00e0 l&#8217;Office de Tourisme &#8211; NON REMBOURSABLE<\/p>\n<section>D\u00e9couvrez le temps d&#8217;une promenade guid\u00e9e en centre-ville, les plus beaux tr\u00e9sors du patrimoine et de l&#8217;architecture de l&#8217;Entre-deux-guerres.<\/p>\n<p>La visite du 7 juin sera doubl\u00e9e en LSF.<br \/>\n<br \/>\nLe justificatif sera \u00e0 pr\u00e9senter au guide pour tout billet gratuit ou \u00e0 tarif r\u00e9duit.<\/p>\n<p>Tarif r\u00e9duit applicable aux \u00e9tudiants, plus de 65 ans, demandeurs d&#8217;emploi, personnes en situation de handicap, d\u00e9tenteur du pass \u00e9ducation.<\/p>\n<p>Gratuit\u00e9 applicable aux moins de 18ans, guide conf\u00e9renciers, m\u00e9c\u00e8nes, presse, partenaires, laur\u00e9ats de jeux concours et visiteurs lors d&#8217;op\u00e9rations sp\u00e9ciales, porteurs de la carte ICOM et invitations de la Ville.<\/p>\n<p>Gratuit\u00e9 applicable \u00e0 un accompagnant d\u2019une personne en situation de handicap<\/p>\n","protected":false},"excerpt":{"rendered":"<p>RDV \u00e0 l&#8217;Office de Tourisme &#8211; NON REMBOURSABLE D\u00e9couvrez le temps d&#8217;une promenade guid\u00e9e en centre-ville, les plus beaux tr\u00e9sors du patrimoine et de l&#8217;architecture de l&#8217;Entre-deux-guerres. La visite du 7 juin sera doubl\u00e9e en LSF. Le justificatif sera \u00e0 pr\u00e9senter au guide pour tout billet gratuit ou \u00e0 tarif r\u00e9duit. Tarif r\u00e9duit applicable aux [&hellip;]<\/p>\n","protected":false},"author":0,"featured_media":27540,"template":"","meta":{"_acf_changed":false},"product_brand":[],"product_cat":[506],"product_tag":[],"class_list":{"0":"post-68017","1":"product","2":"type-product","3":"status-publish","4":"has-post-thumbnail","6":"product_cat-visites-guidees-patrimoine","8":"first","9":"instock","10":"shipping-taxable","11":"purchasable","12":"product-type-variable"},"acf":[],"_links":{"self":[{"href":"https:\/\/www.destination-saintquentin.fr\/de\/wp-json\/wp\/v2\/product\/68017","targetHints":{"allow":["GET"]}}],"collection":[{"href":"https:\/\/www.destination-saintquentin.fr\/de\/wp-json\/wp\/v2\/product"}],"about":[{"href":"https:\/\/www.destination-saintquentin.fr\/de\/wp-json\/wp\/v2\/types\/product"}],"wp:featuredmedia":[{"embeddable":true,"href":"https:\/\/www.destination-saintquentin.fr\/de\/wp-json\/wp\/v2\/media\/27540"}],"wp:attachment":[{"href":"https:\/\/www.destination-saintquentin.fr\/de\/wp-json\/wp\/v2\/media?parent=68017"}],"wp:term":[{"taxonomy":"product_brand","embeddable":true,"href":"https:\/\/www.destination-saintquentin.fr\/de\/wp-json\/wp\/v2\/product_brand?post=68017"},{"taxonomy":"product_cat","embeddable":true,"href":"https:\/\/www.destination-saintquentin.fr\/de\/wp-json\/wp\/v2\/product_cat?post=68017"},{"taxonomy":"product_tag","embeddable":true,"href":"https:\/\/www.destination-saintquentin.fr\/de\/wp-json\/wp\/v2\/product_tag?post=68017"}],"curies":[{"name":"wp","href":"https:\/\/api.w.org\/{rel}","templated":true}]}}