{"id":8506,"date":"2021-09-14T14:41:03","date_gmt":"2021-09-14T12:41:03","guid":{"rendered":"https:\/\/www.destination-saintquentin.fr\/la-destination\/"},"modified":"2021-10-12T14:00:23","modified_gmt":"2021-10-12T12:00:23","slug":"la-destination","status":"publish","type":"page","link":"https:\/\/www.destination-saintquentin.fr\/de\/la-destination\/","title":{"rendered":"Das Ziel"},"content":{"rendered":"<div class=\"wpb-content-wrapper\"><p>[vc_row equal_height=&#8220;yes&#8220; el_class=&#8220;modele-1&#8243;][vc_column width=&#8220;1\/2&#8243;]<div class=\"titre-high\"><div class=\"titre-high_symbole\"><\/div><p class=\"titre-high_pretitre\">Accueil - La destination<\/p><h2 class=\"titre-high_titre\">St Quentin, Une destination<\/h2><p class=\"titre-high_soustitre\">en mouvement<\/p><div class=\"titre-high_vague\"><\/div><\/div>[vc_column_text]I am text block. Click edit button to change this text. Lorem ipsum dolor sit amet, consectetur adipiscing elit. Ut elit tellus, luctus nec ullamcorper mattis, pulvinar dapibus leo.[\/vc_column_text]<div class=\"double-image\"><div class=\"double-image_petite\"><div class=\"double-image_petite-wrapper\"><img decoding=\"async\" src=\"\" alt=\"-\" title=\"\"><\/div><\/div><div class=\"double-image_grande\"><div class=\"double-image_grande-wrapper\"><img decoding=\"async\" src=\"\" alt=\"-\" title=\"\"><\/div><\/div><div class=\"double-image_symbole\"><\/div><\/div>[\/vc_column][vc_column width=&#8220;1\/2&#8243;]<div style=\"height:203px;\"><\/div>[vc_column_text]I am text block. Click edit button to change this text. Lorem ipsum dolor sit amet, consectetur adipiscing elit. Ut elit tellus, luctus nec ullamcorper mattis, pulvinar dapibus leo.<\/p>\n<p>&nbsp;<\/p>\n<p>I am text block. Click edit button to change this text. Lorem ipsum dolor sit amet, consectetur adipiscing elit. Ut elit tellus, luctus nec ullamcorper mattis, pulvinar dapibus leo.<\/p>\n<p>&nbsp;<\/p>\n<h4>Titre<\/h4>\n<p>I am text block. Click edit button to change this text. Lorem ipsum dolor sit amet, consectetur adipiscing elit. Ut elit tellus, luctus nec ullamcorper mattis, pulvinar dapibus leo.[\/vc_column_text]<p style=\"text-align:left;\"><a class=\"boutPlein coul1\" href=\"https:\/\/www.destination-saintquentin.fr\/page-modeles\/\" target=\"\">Page mod\u00e8les<\/a><\/p>[\/vc_column][\/vc_row][vc_row el_class=&#8220;yatamap&#8220;][vc_column][vc_column_text]        <style>\n            .musees{ background-color: #002678!important;}                        .rond{\n              border-radius: 50%;\n              width: 24px;\n              height: 24px;\n            }\n                        .goutte>svg {\n                height: 50px;\n                width: 50px;\n            }\n            .picto_fontawesome {\n                font-size:1.3em;\n                position: absolute;\n                top:35%;\n                left: 51%;\n                transform: translate(-50%, -50%);\n            }\n                        .rond .picto_fontawesome{\n              font-size:1em!important;\n              top:50%!important;\n              left: 50%!important;\n              color: black;\n            }\n                    <\/style>\n                   <div class=\"bloc-yatamap\">\n                      <div id=\"mapid\" style=\"height:500px;\"><\/div>\n                        <div id=\"contentSliderMap\" class=\"infos-map\">\n              <section id=\"liste-swipe\" class=\"container\">\n                <div class=\"myslick\">\n                <\/div>\n              <\/section>\n              <script type=\"text\/javascript\">\n$(\"#liste-swipe .myslick\").slick({\n\tinfinite: true, centerMode: false, centerPadding: '0px', slidesToShow: 2, slidesToScroll: 1, autoplay: false, autoplaySpeed: 7000, arrows: false,\n\tresponsive: [\n\t{breakpoint: 1400, settings: {centerMode: true, centerPadding: '10px', slidesToShow: 2}},\n\t{breakpoint: 1024, settings: {centerMode: true, centerPadding: '10px', slidesToShow: 2}},\n\t{breakpoint: 769, settings: {centerMode: true, centerPadding: '0px', slidesToShow: 1}}\n\t],\n});\n<\/script>\n            <\/div>\n                        <div style=\"clear: both;\"><\/div>\n                    <\/div>\n                    <style>\n                .leaflet-container{\n                    background-color: #eeeeee;\n                }\n            <\/style>\n                        <style>\n                .leaflet-control-zoom{\n                    visibility: hidden;\n                }\n            <\/style>\n                    <script>\n                    var markers = [{\"title\":\"Maison du textile\",\"permalink\":\"https:\\\/\\\/www.destination-saintquentin.fr\\\/de\\\/poi-carto\\\/poi-autre\\\/\",\"thumbnailUrl\":\"https:\\\/\\\/www.destination-saintquentin.fr\\\/wp-content\\\/uploads\\\/2021\\\/09\\\/maison-du-textile-fresnoy-le-grand-600x450.jpg\",\"categ\":\"musees,\",\"lat\":\"49.9541\",\"lng\":\"3.41858\",\"fieldsACF\":[],\"picto_color\":\"\",\"picto_img\":\"\",\"picto_background_color\":\"#002678\",\"picto_type\":\"rond\"},{\"title\":\"Basilique de Saint Quentin\",\"permalink\":\"https:\\\/\\\/www.destination-saintquentin.fr\\\/de\\\/poi-carto\\\/poi-basilique-saint-quentin\\\/\",\"thumbnailUrl\":\"https:\\\/\\\/www.destination-saintquentin.fr\\\/wp-content\\\/uploads\\\/2021\\\/11\\\/destination-saint-quentin-tourisme-basilique-saint-quentin-\\u00a9FredEmery-600x450.jpg\",\"categ\":\"musees,\",\"lat\":\"49.847066\",\"lng\":\"3.2874\",\"fieldsACF\":[],\"picto_color\":\"\",\"picto_img\":\"\",\"picto_background_color\":\"#002678\",\"picto_type\":\"rond\"},{\"title\":\"Mus\\u00e9e Marie-Jeanne\",\"permalink\":\"https:\\\/\\\/www.destination-saintquentin.fr\\\/de\\\/poi-carto\\\/poi-parc-de-lisle\\\/\",\"thumbnailUrl\":\"https:\\\/\\\/www.destination-saintquentin.fr\\\/wp-content\\\/uploads\\\/2021\\\/09\\\/destination-saint-quentin-tourisme-musee-marie-jeanne-allaincourt-2-600x450.jpg\",\"categ\":\"musees,\",\"lat\":\"49.763712\",\"lng\":\"3.375362\",\"fieldsACF\":[],\"picto_color\":\"\",\"picto_img\":\"\",\"picto_background_color\":\"#002678\",\"picto_type\":\"rond\"}];\n        var latlngbounds = [];\n        var categsCoche = [];\n        var allPOI = [];\n\n        \/\/ INIT MAP\n        var mymap = L.map('mapid', {zoomSnap: 0.1 ,}).setView([46.674100, 5.551570], 10);\n                    mymap.touchZoom.disable();\n            mymap.doubleClickZoom.disable();\n            mymap.scrollWheelZoom.disable();\n            mymap.boxZoom.disable();\n            mymap.keyboard.disable();\n                        mymap.dragging.disable();\n                        var imageUrl = 'https:\/\/www.destination-saintquentin.fr\/wp-content\/uploads\/2021\/12\/Carte2-1-e1640072896880.png';\n            var imageBounds = [[50.059589, 3.059397], [49.663148, 3.610610]];\n            L.imageOverlay(imageUrl, imageBounds).addTo(mymap);\n            mymap.attributionControl.remove();\n            \n        \/\/ DISPLAY MARKERS\n        function displayMarkers()\n        {\n            deleteMarkers();\n            let countSlide = 0;\n            let autoPanPopup = true;\n                            autoPanPopup = false;\n                            if (markers.length != 0) {\n                markers.forEach((marker, i) => {\n                    var catStr = \"\";\n                    if (categsCoche.length > 0) {\n                        var haveMatch = false;\n                        categsCoche.forEach(cat => {\n                            catStr += cat;\n                        });\n                        var postCategs = marker.categ.split(',');\n                        postCategs.pop();\n                        postCategs.forEach(postCateg => {\n                            if (postCateg != '') {\n                                if (!haveMatch) {\n                                    if(catStr.indexOf(postCateg) != -1) {\n                                        haveMatch = true;\n                                    } else {\n                                        haveMatch = false;\n                                    }\n                                }\n                            }\n                        });\n                    } else {\n                        var haveMatch = true;\n                    }\n                    if (haveMatch) {\n                                                let numeroMarker = countSlide + 1;\n                                                if (marker.picto_color != '' && marker.picto_img != '' || marker.picto_background_color != '') {\n                            var classStr = \"\";\n                            if (marker.categ) {\n                              var arrayCategs = marker.categ.split(',');\n                              arrayCategs.pop();\n                              for (let catValue of arrayCategs) {\n                                  classStr += catValue+' ';\n                              }\n                            }\n                            let mark = '';\n                            switch (marker.picto_type) {\n                              case 'goutte':\n                                mark = '<div class=\"goutte '+classStr+'\"><?xml version=\"1.0\" encoding=\"iso-8859-1\"?><!DOCTYPE svg PUBLIC \"-\/\/W3C\/\/DTD SVG 1.1\/\/EN\" \"http:\/\/www.w3.org\/Graphics\/SVG\/1.1\/DTD\/svg11.dtd\"><svg version=\"1.1\" id=\"Calque_1\" xmlns=\"http:\/\/www.w3.org\/2000\/svg\" xmlns:xlink=\"http:\/\/www.w3.org\/1999\/xlink\" x=\"0px\" y=\"0px\" width=\"500px\" height=\"500px\" viewBox=\"0 0 500 500\" style=\"enable-background:new 0 0 500 500;\" xml:space=\"preserve\"><path style=\"fill:#FF0000;stroke:#000000;stroke-width:20;stroke-miterlimit:10;\" d=\"M353.664,234.013c19.234-22.81,30.833-52.27,30.833-84.443c0-72.39-58.684-131.073-131.073-131.073c-72.39,0-131.074,58.684-131.074,131.073c0,32.342,11.72,61.942,31.136,84.801L253.5,473L353.664,234.013z\"\/><\/svg> <div class=\\\"picto_fontawesome\\\">'+ numeroMarker +'<\/div> <\/div>';\n                                var pictoIcon = L.divIcon({\n                                    html: mark,\n                                    iconSize: [50, 50],\n                                    iconAnchor: [25, 50],\n                                    popupAnchor: [0,-47],\n                                    className: 'myDivIcon'\n                                });\n                                break;\n                              case 'rond':\n                                mark = '<div class=\"rond '+classStr+'\"> <div class=\\\"picto_fontawesome\\\">'+ numeroMarker +'<\/div> <\/div>';\n                                var pictoIcon = L.divIcon({\n                                    html: mark,\n                                    iconSize: [24, 24],\n                                    iconAnchor: [12, 12],\n                                    popupAnchor: [0,-23],\n                                    className: 'myDivIcon'\n                                });\n                                break;\n                              case 'image':\n                                mark = '<div class=\"image '+classStr+'\"><div class=\"picto_fontawesome\">';\n                                if(marker.picto_img != ''){\n                                  mark += marker.picto_img;\n                                }\n                                mark += '<\/div><\/div>';\n                                var pictoIcon = L.divIcon({\n                                    html: mark,\n                                    iconSize: [50, 50],\n                                    iconAnchor: [25, 25],\n                                    popupAnchor: [0,-47],\n                                    className: 'myDivIcon'\n                                });\n                                break;\n                              default:\n                              mark = '<div class=\"goutte '+classStr+'\"><?xml version=\"1.0\" encoding=\"iso-8859-1\"?><!DOCTYPE svg PUBLIC \"-\/\/W3C\/\/DTD SVG 1.1\/\/EN\" \"http:\/\/www.w3.org\/Graphics\/SVG\/1.1\/DTD\/svg11.dtd\"><svg version=\"1.1\" id=\"Calque_1\" xmlns=\"http:\/\/www.w3.org\/2000\/svg\" xmlns:xlink=\"http:\/\/www.w3.org\/1999\/xlink\" x=\"0px\" y=\"0px\" width=\"500px\" height=\"500px\" viewBox=\"0 0 500 500\" style=\"enable-background:new 0 0 500 500;\" xml:space=\"preserve\"><path style=\"fill:#FF0000;stroke:#000000;stroke-width:20;stroke-miterlimit:10;\" d=\"M353.664,234.013c19.234-22.81,30.833-52.27,30.833-84.443c0-72.39-58.684-131.073-131.073-131.073c-72.39,0-131.074,58.684-131.074,131.073c0,32.342,11.72,61.942,31.136,84.801L253.5,473L353.664,234.013z\"\/><\/svg><\/div><div class=\"picto_fontawesome\">';\n                              if(marker.picto_img != ''){\n                                mark += marker.picto_img;\n                              }\n                              mark += '<\/div>';\n                              var pictoIcon = L.divIcon({\n                                  html: mark,\n                                  iconSize: [50, 50],\n                                  iconAnchor: [25, 50],\n                                  popupAnchor: [0,-47],\n                                  className: 'myDivIcon'\n                              });\n                              console.log('Erreur du type de marker');\n                            }\n                                                          var poi = L.marker([marker.lat, marker.lng], {icon: pictoIcon}).on('click', customOpenPopupLeaflet);\n                                                      } else {\n                                                      var poi = L.marker([marker.lat, marker.lng]).on('click', customOpenPopupLeaflet);\n                                                    }\n                                                    poi.addTo(mymap);\n                            var popupHTML = marker.title;\r\n                          poi.bindPopup(popupHTML, {autoPan : autoPanPopup});\n                                                    poi.getPopup().on('remove', customClosePopupLeaflet);\n                                                    let numberMarker = countSlide;\n                          let numbMark = numberMarker + 1;\nconsole.log(marker);\nvar htmlSlide = '<div><div class=\"slickbloc\"><div class=\"divimg\" style=\"background-image:url(\\''+marker.thumbnailUrl+'\\');\"><div class=\"slickbloc-number\">'+numbMark+'<\/div><div class=\"infosSlick\"><div class=\"articleswipe\"><\/div><div class=\"titreswipe\">'+marker.title+'<\/div><div class=\"vagueswipe\"><\/div><\/div><a class=\"button boutPlein blanc\" href=\"'+marker.permalink+'\">EN savoir plus<\/a><div class=\"slickbloc-filter\"><\/div><\/div><\/div><\/div>';\n                          poi.on('click', function(e){ addSliderClick(numberMarker); } );\n                          jQuery('#liste-swipe .myslick').slick('slickAdd', '<div>' + htmlSlide + '<\/div>');\n                          countSlide++;\n                                                allPOI.push(poi);\n                        latlngbounds.push([marker.lat, marker.lng]);\n                    }\n                });\n                            }\n                          var bounds = new L.LatLngBounds(imageBounds);\n            \n            mymap.fitBounds(bounds);\n        }\n\n        function changeCategs(categ)\n        {\n            if (categsCoche.indexOf(categ) == -1) {\n                cocheCateg(categ);\n            } else {\n                decocheCateg(categ);\n            }\n            displayMarkers();\n        }\n\n        function decocheCateg(categ)\n        {\n            var Index = categsCoche.indexOf(categ);\n            if (Index !== -1) {\n                categsCoche.splice(Index, 1);\n            }\n        }\n\n        function cocheCateg(categ)\n        {\n            categsCoche.push(categ);\n        }\n\n        function switchCategs(categ){\n          categsCoche = [];\n          cocheCateg(categ);\n          displayMarkers();\n        }\n\n        function decocheAllCategs(){\n          categsCoche = [];\n          displayMarkers();\n        }\n\n        function deleteMarkers()\n        {\n            if (allPOI.length != 0) {\n                allPOI.forEach((marker) => {\n                    mymap.removeLayer(marker)\n                });\n            }\n\n            \n                          jQuery('#liste-swipe .myslick').slick('removeSlide', null, null, true);\n                          allPOI = [];\n        }\n\n        \/* Fixe le contenu de la popup dans une div \u00e0 c\u00f4t\u00e9 de la carte *\/\n        function addFixedPopupLeaflet(){\n        \tdocument.getElementById('contentPopMap').innerHTML = this.getPopup().getContent();\n        }\n\n        \/* Fonction custom \u00e0 l'ouverture de la popup \/ du clic sur le point *\/\nfunction customOpenPopupLeaflet() {\n  var icon = this._icon;\n  var mark = jQuery(icon).children().first();\n  if(mark.length >= 1){\n    var pictoIcon = L.divIcon({\n        html: mark[0].outerHTML,\n        iconSize: [24, 24],\n        popupAnchor: [0, 34],\n        className: 'myDivIcon selected-rond'\n    });\n\n    var layers = this._mapToAdd._layers;\n    leafID = this._leaflet_id;\n    jQuery.each(layers, function(value){\n      if(value == leafID){\n        this.setIcon(pictoIcon);\n      }\n    });\n  }\n}\n\n\/* Fonction custom \u00e0 la fermeture de la popup \/ du clic ailleurs*\/\nfunction customClosePopupLeaflet() {\n  var icon = this._source._icon;\n  var mark = jQuery(icon).children().first();\n  if(mark.length >= 1){\n    var pictoIcon = L.divIcon({\n        html: mark[0].outerHTML,\n        iconSize: [24, 24],\n        className: 'myDivIcon'\n    });\n\n    var layers = this._source._mapToAdd._layers;\n    leafID = this._source._leaflet_id;\n    jQuery.each(layers, function(value){\n      if(value == leafID){\n        this.setIcon(pictoIcon);\n      }\n    });\n  }\n}\n\n        \/* Au clic sur un point de la carte centre le slider sur la slide correspondante *\/\n        function addSliderClick(id){\n      \t\tjQuery('#liste-swipe .myslick').slick('slickGoTo', id);\n        }\n\n                    displayMarkers();\n                    <\/script>\n        [\/vc_column_text][\/vc_column][\/vc_row][vc_row equal_height=&#8220;yes&#8220; el_class=&#8220;modele-intro-lien&#8220;][vc_column width=&#8220;1\/2&#8243;]<div class=\"lienphoto\"><a href=\"https:\/\/www.destination-saintquentin.fr\/page-modeles\/\" title=\"Page mod\u00e8les\" class=\"lienphoto_lien\" target=\"\"><p class=\"lienphoto-inner_titre\">Titre bloc 1<\/p><div class=\"lienphoto-inner_bloc1\"><img decoding=\"async\" src=\"\" alt=\"-\" title=\"\"><\/div><div class=\"lienphoto-filter\"><\/div><\/a><\/div>[\/vc_column][vc_column width=&#8220;1\/2&#8243;]<div class=\"titre-high\"><div class=\"titre-high_symbole\"><\/div><p class=\"titre-high_pretitre\">Pr\u00e9-Titre bloc high<\/p><h2 class=\"titre-high_titre\">Titre bloc high<\/h2><p class=\"titre-high_soustitre\">Sous-titre bloc high<\/p><div class=\"titre-high_vague\"><\/div><\/div>[vc_column_text]I am text block. Click edit button to change this text. Lorem ipsum dolor sit amet, consectetur adipiscing elit. Ut elit tellus, luctus nec ullamcorper mattis, pulvinar dapibus leo.<\/p>\n<p>&nbsp;<\/p>\n<p>I am text block. Click edit button to change this text. Lorem ipsum dolor sit amet, consectetur adipiscing elit. Ut elit tellus, luctus nec ullamcorper mattis, pulvinar dapibus leo.<\/p>\n<p>&nbsp;<\/p>\n<h4>Titre<\/h4>\n<p>I am text block. Click edit button to change this text. Lorem ipsum dolor sit amet, consectetur adipiscing elit. Ut elit tellus, luctus nec ullamcorper mattis, pulvinar dapibus leo.[\/vc_column_text][\/vc_column][\/vc_row][vc_row][vc_column]<div class=\"liste-liensphotos\"><div class=\"liste-liensphotos_bloc1\"><a href=\"https:\/\/www.destination-saintquentin.fr\/la-boutique\/pass\/\" title=\"Pass\" class=\"liste-liensphotos_lien\" target=\"\"><p class=\"liste-liensphotos-inner_titre\">Pass<\/p><div class=\"liste-liensphotos-inner_bloc1\"><img decoding=\"async\" src=\"\" alt=\"-\" title=\"\"><\/div><div class=\"liste-liensphotos-filter\"><\/div><\/a><\/div><div class=\"liste-liensphotos_bloc2\"><a href=\"https:\/\/www.destination-saintquentin.fr\/le-cote-pratique\/tourisme-de-memoire\/\" title=\"Tourisme de m\u00e9moire\" class=\"liste-liensphotos_lien\" target=\"\"><p class=\"liste-liensphotos-inner_titre\">Tourisme de m\u00e9moire<\/p><div class=\"liste-liensphotos-inner_bloc2\"><img decoding=\"async\" src=\"\" alt=\"-\" title=\"\"><\/div><div class=\"liste-liensphotos-filter\"><\/div><\/a><\/div><div class=\"liste-liensphotos_bloc3\"><a href=\"https:\/\/www.destination-saintquentin.fr\/les-visites-et-activites\/activites-sportives\/\" title=\"Activit\u00e9s sportives\" class=\"liste-liensphotos_lien\" target=\"\"><p class=\"liste-liensphotos-inner_titre\">Activit\u00e9s sportives<\/p><div class=\"liste-liensphotos-inner_bloc3\"><img decoding=\"async\" src=\"\" alt=\"-\" title=\"\"><\/div><div class=\"liste-liensphotos-filter\"><\/div><\/a><\/div><\/div>[\/vc_column][\/vc_row][vc_row][vc_column]<div class=\"crossSell\"><div class=\"crossSell-left\"><div class=\"crossSell-arrow\" style=\"background-image: url('\/wp-content\/themes\/yatatheme\/img\/Flechecote.svg')\"><\/div><p class=\"crossSell-nom\">Nous proposons des visites guid\u00e9es<\/p><a href=\"https:\/\/www.destination-saintquentin.fr\/les-visites-et-activites\/visites\/\" title=\"En savoir plus\" class=\"crossSell-lien button boutPlein blanc\" target=\"\">En savoir plus<\/a><\/div><div class=\"crossSell-right\"><div class=\"crossSell-arrow\" style=\"background-image: url(\/wp-content\/themes\/yatatheme\/img\/Flechecote.svg)\"><\/div><p class=\"crossSell-nom\">Le tourisme de m\u00e9moire, \u00e0 visiter !<\/p><a href=\"https:\/\/www.destination-saintquentin.fr\/le-cote-pratique\/tourisme-de-memoire\/\" title=\"En savoir plus\" class=\"crossSell-lien button boutPlein blanc\" target=\"\">En savoir plus<\/a><\/div><\/div>[\/vc_column][\/vc_row]<\/p>\n<\/div>","protected":false},"excerpt":{"rendered":"<p>[vc_row equal_height=&#8220;yes&#8220; el_class=&#8220;modele-1&#8243;][vc_column width=&#8220;1\/2&#8243;][vc_column_text]I am text block. Click edit button to change this text. Lorem ipsum dolor sit amet, consectetur adipiscing elit. Ut elit tellus, luctus nec ullamcorper mattis, pulvinar dapibus leo.[\/vc_column_text][\/vc_column][vc_column width=&#8220;1\/2&#8243;][vc_column_text]I am text block. Click edit button to change this text. Lorem ipsum dolor sit amet, consectetur adipiscing elit. Ut elit tellus, luctus [&hellip;]<\/p>\n","protected":false},"author":2,"featured_media":10419,"parent":0,"menu_order":2,"comment_status":"closed","ping_status":"closed","template":"","meta":{"_acf_changed":false,"footnotes":""},"class_list":["post-8506","page","type-page","status-publish","has-post-thumbnail","hentry"],"acf":[],"_links":{"self":[{"href":"https:\/\/www.destination-saintquentin.fr\/de\/wp-json\/wp\/v2\/pages\/8506","targetHints":{"allow":["GET"]}}],"collection":[{"href":"https:\/\/www.destination-saintquentin.fr\/de\/wp-json\/wp\/v2\/pages"}],"about":[{"href":"https:\/\/www.destination-saintquentin.fr\/de\/wp-json\/wp\/v2\/types\/page"}],"author":[{"embeddable":true,"href":"https:\/\/www.destination-saintquentin.fr\/de\/wp-json\/wp\/v2\/users\/2"}],"replies":[{"embeddable":true,"href":"https:\/\/www.destination-saintquentin.fr\/de\/wp-json\/wp\/v2\/comments?post=8506"}],"version-history":[{"count":0,"href":"https:\/\/www.destination-saintquentin.fr\/de\/wp-json\/wp\/v2\/pages\/8506\/revisions"}],"wp:featuredmedia":[{"embeddable":true,"href":"https:\/\/www.destination-saintquentin.fr\/de\/wp-json\/wp\/v2\/media\/10419"}],"wp:attachment":[{"href":"https:\/\/www.destination-saintquentin.fr\/de\/wp-json\/wp\/v2\/media?parent=8506"}],"curies":[{"name":"wp","href":"https:\/\/api.w.org\/{rel}","templated":true}]}}